{"id":3743,"date":"2025-08-27T09:34:53","date_gmt":"2025-08-27T12:34:53","guid":{"rendered":"https:\/\/yumbainteractive.com\/?post_type=product&#038;p=3743"},"modified":"2025-08-27T09:34:53","modified_gmt":"2025-08-27T12:34:53","slug":"tambor-interactivo","status":"publish","type":"product","link":"https:\/\/yumbainteractive.com\/index.php\/producto\/tambor-interactivo\/","title":{"rendered":"Tambor Interactivo"},"content":{"rendered":"<p><span style=\"font-weight: 400;\">El <\/span><b>Juego <\/b><span style=\"font-weight: 400;\">es una instalaci\u00f3n interactiva donde los participantes deben acertar notas musicales que aparecen en pantalla, sincronizando sus golpes sobre un <\/span><b>tambor\/bombo <\/b><span style=\"font-weight: 400;\">con la m\u00fasica de fondo. El juego tiene una duraci\u00f3n de <\/span><b>30 segundos<\/b><span style=\"font-weight: 400;\">, y al finalizar, el jugador recibe un <\/span><b>puntaje<\/b><span style=\"font-weight: 400;\"> basado en su precisi\u00f3n y ritmo.<\/span><\/p>\n","protected":false},"excerpt":{"rendered":"<h2><b>\ud83e\udd41 \u00bfEn qu\u00e9 consiste la propuesta?<\/b><\/h2>\n<p><span style=\"font-weight: 400;\">El <\/span><b>Juego <\/b><span style=\"font-weight: 400;\">es una instalaci\u00f3n interactiva donde los participantes deben acertar notas musicales que aparecen en pantalla, sincronizando sus golpes sobre un <\/span><b>tambor\/bombo <\/b><span style=\"font-weight: 400;\">con la m\u00fasica de fondo. El juego tiene una duraci\u00f3n de <\/span><b>30 segundos<\/b><span style=\"font-weight: 400;\">, y al finalizar, el jugador recibe un <\/span><b>puntaje<\/b><span style=\"font-weight: 400;\"> basado en su precisi\u00f3n y ritmo.<\/span><\/p>\n<p><span style=\"font-weight: 400;\">La experiencia no solo se adapta a diferentes estilos musicales, sino que <\/span><b>puede configurarse para emular patrones r\u00edtmicos<\/b><span style=\"font-weight: 400;\">. Esto transforma el juego en una forma de <\/span><b>reconectar con la tradici\u00f3n desde un lugar l\u00fadico, moderno y participativo<\/b><span style=\"font-weight: 400;\">.<\/span><\/p>\n<h2><b>\ud83c\udfaf Objetivos del Juego<\/b><\/h2>\n<ul>\n<li style=\"font-weight: 400;\" aria-level=\"1\"><span style=\"font-weight: 400;\">Fomentar la diversi\u00f3n activa.<\/span><\/li>\n<li style=\"font-weight: 400;\" aria-level=\"1\"><span style=\"font-weight: 400;\">Atraer la atenci\u00f3n del p\u00fablico.<\/span><\/li>\n<li style=\"font-weight: 400;\" aria-level=\"1\"><span style=\"font-weight: 400;\">Estimular la interacci\u00f3n con la marca de forma l\u00fadica.<\/span><\/li>\n<li style=\"font-weight: 400;\" aria-level=\"1\"><span style=\"font-weight: 400;\">Asociar la marca con valores de tecnolog\u00eda, innovaci\u00f3n, cultura y creatividad.<\/span><\/li>\n<li style=\"font-weight: 400;\" aria-level=\"1\"><span style=\"font-weight: 400;\">Generar una experiencia memorable que pueda ser compartida en redes.<\/span><\/li>\n<li style=\"font-weight: 400;\" aria-level=\"1\"><span style=\"font-weight: 400;\">Facilitar una din\u00e1mica de premios por puntuaci\u00f3n o participaci\u00f3n.<\/span><\/li>\n<li style=\"font-weight: 400;\" aria-level=\"1\"><span style=\"font-weight: 400;\">Poner en valor los ritmos folkl\u00f3ricos argentinos desde una perspectiva actual.<\/span><span style=\"font-weight: 400;\">\n<p><\/span><\/li>\n<\/ul>\n<h2><b>\ud83e\udde9 \u00bfQu\u00e9 incluye el servicio?<\/b><\/h2>\n<h3><b>1. <\/b><b>Infraestructura t\u00e9cnica y l\u00fadica<\/b><\/h3>\n<ul>\n<li style=\"font-weight: 400;\" aria-level=\"1\"><span style=\"font-weight: 400;\">1 (un) Bombo\/tambor , reforzado para uso interactivo.<\/span><\/li>\n<li style=\"font-weight: 400;\" aria-level=\"1\"><span style=\"font-weight: 400;\">1 (una) unidad del Juego, desarrollado a medida por Yumba.<\/span><\/li>\n<li style=\"font-weight: 400;\" aria-level=\"1\"><span style=\"font-weight: 400;\">Pantalla con visualizaci\u00f3n del juego y del sistema de puntaje.<\/span><\/li>\n<li style=\"font-weight: 400;\" aria-level=\"1\"><span style=\"font-weight: 400;\">Sistema de audio y visual sincronizado.<\/span><\/li>\n<li style=\"font-weight: 400;\" aria-level=\"1\"><span style=\"font-weight: 400;\">Sensorizaci\u00f3n del bombo para detecci\u00f3n de golpes.<\/span><\/li>\n<li style=\"font-weight: 400;\" aria-level=\"1\"><span style=\"font-weight: 400;\">Modos musicales: base moderna, zamba, chacarera, entre otros.<\/span><span style=\"font-weight: 400;\">\n<p><\/span><\/li>\n<\/ul>\n<h3><b>2. <\/b><b>Staff y log\u00edstica<\/b><\/h3>\n<ul>\n<li style=\"font-weight: 400;\" aria-level=\"1\"><span style=\"font-weight: 400;\">Personal t\u00e9cnico y animador de Yumba presente durante toda la activaci\u00f3n.<\/span><\/li>\n<li style=\"font-weight: 400;\" aria-level=\"1\"><span style=\"font-weight: 400;\">Armado y desmontaje del sistema.<\/span><\/li>\n<li style=\"font-weight: 400;\" aria-level=\"1\"><span style=\"font-weight: 400;\">Supervisi\u00f3n del juego, asistencia a jugadores y explicaci\u00f3n din\u00e1mica.<\/span><span style=\"font-weight: 400;\">\n<p><\/span><\/li>\n<\/ul>\n<h3><b>3. <\/b><b>Marca y personalizaci\u00f3n<\/b><\/h3>\n<ul>\n<li style=\"font-weight: 400;\" aria-level=\"1\"><span style=\"font-weight: 400;\">Opci\u00f3n de incorporar branding de la marca en pantalla, bombo o espacio.<\/span><\/li>\n<li style=\"font-weight: 400;\" aria-level=\"1\"><span style=\"font-weight: 400;\">Integraci\u00f3n del logo y colores institucionales dentro del juego.<\/span><\/li>\n<li style=\"font-weight: 400;\" aria-level=\"1\"><span style=\"font-weight: 400;\">Posibilidad de adaptar la m\u00fasica y la est\u00e9tica a campa\u00f1as espec\u00edficas.<\/span><span style=\"font-weight: 400;\">\n<p><\/span><\/li>\n<\/ul>\n<h3><b>4. <\/b><b>Extras opcionales<\/b><\/h3>\n<ul>\n<li style=\"font-weight: 400;\" aria-level=\"1\"><span style=\"font-weight: 400;\">Sistema de ranking y entrega de premios por puntaje.<\/span><\/li>\n<li style=\"font-weight: 400;\" aria-level=\"1\"><span style=\"font-weight: 400;\">Registro audiovisual de los participantes.<\/span><\/li>\n<li style=\"font-weight: 400;\" aria-level=\"1\"><span style=\"font-weight: 400;\">Personalizaci\u00f3n con ritmos espec\u00edficos relacionados a la identidad de cada regi\u00f3n.<\/span><\/li>\n<li style=\"font-weight: 400;\" aria-level=\"1\"><span style=\"font-weight: 400;\">Estad\u00edsticas de participaci\u00f3n para uso interno de la marca.<\/span><span style=\"font-weight: 400;\">\n<p><\/span><\/li>\n<\/ul>\n<h2><b>\ud83d\udd52 <\/b><b>Modalidad de alquiler<\/b><\/h2>\n<ul>\n<li style=\"font-weight: 400;\" aria-level=\"1\"><span style=\"font-weight: 400;\">Incluye: montaje, asistencia completa, desmontaje y traslado.<\/span><span style=\"font-weight: 400;\">\n<p><\/span><\/li>\n<\/ul>\n<h2><b>\ud83c\udde6\ud83c\uddf7 \u00bfPor qu\u00e9 elegir este servicio?<\/b><\/h2>\n<ul>\n<li style=\"font-weight: 400;\" aria-level=\"1\"><span style=\"font-weight: 400;\">Es \u00fanico en el mercado: desarrollado 100% por Yumba Interactive.<\/span><\/li>\n<li style=\"font-weight: 400;\" aria-level=\"1\"><span style=\"font-weight: 400;\">Fusiona la m\u00fasica, el juego y la tradici\u00f3n argentina con la tecnolog\u00eda.<\/span><\/li>\n<li style=\"font-weight: 400;\" aria-level=\"1\"><span style=\"font-weight: 400;\">Convierte al p\u00fablico en protagonista, generando alto engagement.<\/span><\/li>\n<li style=\"font-weight: 400;\" aria-level=\"1\"><span style=\"font-weight: 400;\">Permite revivir ritmos nacionales desde un entorno moderno y tecnol\u00f3gico.<\/span><\/li>\n<li style=\"font-weight: 400;\" aria-level=\"1\"><span style=\"font-weight: 400;\">Refuerza valores culturales que conectan con las ra\u00edces y la emoci\u00f3n colectiva.<\/span><\/li>\n<li style=\"font-weight: 400;\" aria-level=\"1\"><span style=\"font-weight: 400;\">Es personalizable y escalable, ideal para eventos corporativos, activaciones de marca, festivales y celebraciones patrias.<\/span><\/li>\n<\/ul>\n","protected":false},"featured_media":3735,"comment_status":"open","ping_status":"closed","template":"","meta":[],"_links":{"self":[{"href":"https:\/\/yumbainteractive.com\/index.php\/wp-json\/wp\/v2\/product\/3743"}],"collection":[{"href":"https:\/\/yumbainteractive.com\/index.php\/wp-json\/wp\/v2\/product"}],"about":[{"href":"https:\/\/yumbainteractive.com\/index.php\/wp-json\/wp\/v2\/types\/product"}],"replies":[{"embeddable":true,"href":"https:\/\/yumbainteractive.com\/index.php\/wp-json\/wp\/v2\/comments?post=3743"}],"wp:featuredmedia":[{"embeddable":true,"href":"https:\/\/yumbainteractive.com\/index.php\/wp-json\/wp\/v2\/media\/3735"}],"wp:attachment":[{"href":"https:\/\/yumbainteractive.com\/index.php\/wp-json\/wp\/v2\/media?parent=3743"}],"curies":[{"name":"wp","href":"https:\/\/api.w.org\/{rel}","templated":true}]}}