{"id":3660,"date":"2025-05-20T15:03:47","date_gmt":"2025-05-20T18:03:47","guid":{"rendered":"https:\/\/yumbainteractive.com\/?post_type=product&#038;p=3660"},"modified":"2025-06-13T11:52:05","modified_gmt":"2025-06-13T14:52:05","slug":"maquina-de-garra-peluche","status":"publish","type":"product","link":"https:\/\/yumbainteractive.com\/index.php\/producto\/maquina-de-garra-peluche\/","title":{"rendered":"Maquina de Garra \/ Peluche"},"content":{"rendered":"<p>\ud83c\udf89 Alquiler de M\u00e1quina de Peluches (Garra\/Gr\u00faa) para Eventos \ud83c\udf89<\/p>\n<p>Te ofrecemos una experiencia \u00fanica y divertida para tu evento con nuestra m\u00e1quina de garra, tambi\u00e9n conocida como m\u00e1quina de peluches.<\/p>\n<p>\ud83d\udccd Ideal para: bodas, cumplea\u00f1os, eventos sociales o corporativos.<br \/>\n\u23f0 Duraci\u00f3n del servicio: 2 horas o a coordinar.<\/p>\n<p>\ud83d\udd39 \u00bfQu\u00e9 incluye?<\/p>\n<p>M\u00e1quina de garra lista para usar<\/p>\n<p>C\u00e1psulas de 10 cm para premios (dulces, juguetes, chocolates, etc.)<\/p>\n<p>Modo libre para los invitados: \u00a1pueden jugar todas las veces que quieran!<\/p>\n<p><iframe width=\"560\" height=\"315\" src=\"https:\/\/www.youtube.com\/embed\/12DBvLCwCfM?si=7wz9gF_Y96TKmcMO\" title=\"YouTube video player\" frameborder=\"0\" allow=\"accelerometer; autoplay; clipboard-write; encrypted-media; gyroscope; picture-in-picture; web-share\" referrerpolicy=\"strict-origin-when-cross-origin\" allowfullscreen><\/iframe><\/p>\n<p>Reutilizaci\u00f3n de c\u00e1psulas durante el evento<\/p>\n<p><img decoding=\"async\" src=\"https:\/\/yumbainteractive.com\/wp-content\/uploads\/2025\/05\/IMG_7613-768x1024.jpg\" alt=\"\" width=\"768\" height=\"1024\" class=\"alignnone size-large wp-image-3667\" srcset=\"https:\/\/yumbainteractive.com\/wp-content\/uploads\/2025\/05\/IMG_7613-768x1024.jpg 768w, https:\/\/yumbainteractive.com\/wp-content\/uploads\/2025\/05\/IMG_7613-225x300.jpg 225w, https:\/\/yumbainteractive.com\/wp-content\/uploads\/2025\/05\/IMG_7613-1152x1536.jpg 1152w, https:\/\/yumbainteractive.com\/wp-content\/uploads\/2025\/05\/IMG_7613-1536x2048.jpg 1536w, https:\/\/yumbainteractive.com\/wp-content\/uploads\/2025\/05\/IMG_7613-600x800.jpg 600w, https:\/\/yumbainteractive.com\/wp-content\/uploads\/2025\/05\/IMG_7613-scaled.jpg 1920w\" sizes=\"(max-width: 768px) 100vw, 768px\" \/><\/p>\n<p>\ud83d\udee0 Caracter\u00edsticas del juego<\/p>\n<p>Se juega presionando un bot\u00f3n que da cr\u00e9ditos ilimitados<\/p>\n<p>Garra de tres dedos, dise\u00f1o tradicional<\/p>\n<p>Los premios se sacan, se disfruta su contenido y se devuelven las c\u00e1psulas para seguir jugando<\/p>\n<p>\ud83c\udf81 Personalizable: podemos adaptar el contenido de las c\u00e1psulas seg\u00fan el tipo de evento.<\/p>\n<p>\u00a1Una atracci\u00f3n que encanta a grandes y chicos!<br \/>\n\ud83d\udcf2 Consultanos para reservar\u00a0tu\u00a0fecha<\/p>\n","protected":false},"excerpt":{"rendered":"<p>\ud83c\udf89 Alquiler de M\u00e1quina de Peluches (Garra\/Gr\u00faa) para Eventos \ud83c\udf89 Te ofrecemos una experiencia \u00fanica y divertida para tu evento con nuestra m\u00e1quina de garra, tambi\u00e9n conocida como m\u00e1quina de peluches. \ud83d\udccd Ideal para: bodas, cumplea\u00f1os, eventos sociales o corporativos. \u23f0 Duraci\u00f3n del servicio: 2 horas o a coordinar. \ud83d\udd39 \u00bfQu\u00e9 incluye? M\u00e1quina de garra &hellip;<\/p>\n<p class=\"read-more\"> <a class=\"\" href=\"https:\/\/yumbainteractive.com\/index.php\/producto\/maquina-de-garra-peluche\/\"> <span class=\"screen-reader-text\">Maquina de Garra \/ Peluche<\/span> Leer m\u00e1s &raquo;<\/a><\/p>\n","protected":false},"featured_media":3630,"comment_status":"closed","ping_status":"closed","template":"","meta":[],"_links":{"self":[{"href":"https:\/\/yumbainteractive.com\/index.php\/wp-json\/wp\/v2\/product\/3660"}],"collection":[{"href":"https:\/\/yumbainteractive.com\/index.php\/wp-json\/wp\/v2\/product"}],"about":[{"href":"https:\/\/yumbainteractive.com\/index.php\/wp-json\/wp\/v2\/types\/product"}],"replies":[{"embeddable":true,"href":"https:\/\/yumbainteractive.com\/index.php\/wp-json\/wp\/v2\/comments?post=3660"}],"wp:featuredmedia":[{"embeddable":true,"href":"https:\/\/yumbainteractive.com\/index.php\/wp-json\/wp\/v2\/media\/3630"}],"wp:attachment":[{"href":"https:\/\/yumbainteractive.com\/index.php\/wp-json\/wp\/v2\/media?parent=3660"}],"curies":[{"name":"wp","href":"https:\/\/api.w.org\/{rel}","templated":true}]}}