{"id":3288,"date":"2024-09-26T09:24:48","date_gmt":"2024-09-26T12:24:48","guid":{"rendered":"https:\/\/yumbainteractive.com\/?post_type=product&#038;p=3288"},"modified":"2025-06-13T11:56:50","modified_gmt":"2025-06-13T14:56:50","slug":"interactive-floor-piso-interactivo","status":"publish","type":"product","link":"https:\/\/yumbainteractive.com\/index.php\/producto\/interactive-floor-piso-interactivo\/","title":{"rendered":"Interactive Floor \/ Piso Interactivo"},"content":{"rendered":"<div class=\"ast-oembed-container\"><iframe title=\"Como Funciona Piso Interactivo - Yumba - Rayuela y M\u00e1s\" width=\"500\" height=\"281\" src=\"https:\/\/www.youtube.com\/embed\/KRVxRJRiS2M?feature=oembed\" frameborder=\"0\" allow=\"accelerometer; autoplay; clipboard-write; encrypted-media; gyroscope; picture-in-picture; web-share\" referrerpolicy=\"strict-origin-when-cross-origin\" allowfullscreen><\/iframe><\/div>\n<p>Nuestro \u26a1Interactive Floor, una herramienta ideal para generar impacto e interacci\u00f3n en tu evento corporativo.<br \/>\n\u00bfQu\u00e9 es?<br \/>\nUna experiencia de juegos proyectados en el piso, con sensores que detectan el movimiento de los asistentes.<br \/>\n\u26bd F\u00fatbol | \ud83c\udfc0 Basket | \ud83d\udd22 Rayuela | \u00a1y muchas otras din\u00e1micas!<\/p>\n<p>Ideal para:<br \/>\n\ud83e\uddf2 Atraer visitantes a tu stand<br \/>\n\ud83e\udd1d Fomentar la interacci\u00f3n<br \/>\n\ud83c\udfaf Asociar tu marca con tecnolog\u00eda e innovaci\u00f3n<br \/>\n\ud83c\udf81 Gamificar premios y sorteos<br \/>\nVentaja clave:<br \/>\n\u2728 \u00a1Los juegos se pueden brandear con tu logo, colores o mensaje!<br \/>\nIncluye:<br \/>\n\u2705 Piso interactivo con sensores<br \/>\n\u2705 Customizaci\u00f3n visual con tu marca<br \/>\n\u2705 Transporte, armado y desarme<br \/>\n\u2705 Soporte t\u00e9cnico presencial<\/p>\n<p>Requisitos:<br \/>\n\ud83d\udd0c Tomacorriente<br \/>\n\ud83d\udccf Espacio libre de 3x2m<br \/>\n\u2b1c Piso claro (ideal)<\/p>\n<p><iframe title=\"YouTube video player\" src=\"https:\/\/www.youtube.com\/embed\/a2AAVA9bjvY?si=VBSsPWS9F3r9meKk\" width=\"560\" height=\"315\" frameborder=\"0\" allowfullscreen=\"allowfullscreen\"><\/iframe><\/p>\n","protected":false},"excerpt":{"rendered":"<p>Los pisos interactivos son sistemas de proyecci\u00f3n innovadores, dise\u00f1ados para permitir la interacci\u00f3n entre el p\u00fablico y las im\u00e1genes en movimiento.<\/p>\n<p>Ventajas del suelo interactivo: Proporciona un lugar alegre y agradable;<\/p>\n<p>Implementa t\u00e9cnicas publicitarias altamente innovadoras;<\/p>\n<p>Es fascinante para todos los grupos de edad;<\/p>\n<p>Atraer\u00eda la atenci\u00f3n de la audiencia y aumentar\u00eda la duraci\u00f3n de su parada en los lugares previstos.<\/p>\n","protected":false},"featured_media":3631,"comment_status":"closed","ping_status":"closed","template":"","meta":[],"_links":{"self":[{"href":"https:\/\/yumbainteractive.com\/index.php\/wp-json\/wp\/v2\/product\/3288"}],"collection":[{"href":"https:\/\/yumbainteractive.com\/index.php\/wp-json\/wp\/v2\/product"}],"about":[{"href":"https:\/\/yumbainteractive.com\/index.php\/wp-json\/wp\/v2\/types\/product"}],"replies":[{"embeddable":true,"href":"https:\/\/yumbainteractive.com\/index.php\/wp-json\/wp\/v2\/comments?post=3288"}],"wp:featuredmedia":[{"embeddable":true,"href":"https:\/\/yumbainteractive.com\/index.php\/wp-json\/wp\/v2\/media\/3631"}],"wp:attachment":[{"href":"https:\/\/yumbainteractive.com\/index.php\/wp-json\/wp\/v2\/media?parent=3288"}],"curies":[{"name":"wp","href":"https:\/\/api.w.org\/{rel}","templated":true}]}}