{"id":2918,"date":"2023-12-06T14:01:18","date_gmt":"2023-12-06T17:01:18","guid":{"rendered":"https:\/\/yumbainteractive.com\/?post_type=product&#038;p=2918"},"modified":"2023-12-12T10:23:51","modified_gmt":"2023-12-12T13:23:51","slug":"cabina-iphone","status":"publish","type":"product","link":"https:\/\/yumbainteractive.com\/index.php\/producto\/cabina-iphone\/","title":{"rendered":"Cabina Iphone"},"content":{"rendered":"<p>Te presentamos la nueva Cabina con forma de Iphone. Tiene la forma de un Iphone gigante y permite tomarte 3 fotos e imprimirla en la cl\u00e1sica tirita de fotos.<\/p>\n<p>Divertirse posar y sonre\u00edr es lo mejor de este modelo. Llevando la imaginaci\u00f3n al m\u00e1ximo.<\/p>\n<p>&nbsp;<\/p>\n<p>&nbsp;<\/p>\n","protected":false},"excerpt":{"rendered":"<p>Te presentamos la nueva Cabina con forma de Iphone. Tiene la forma de un Iphone gigante y permite tomarte 3 fotos e imprimirla en la cl\u00e1sica tirita de fotos. Divertirse posar y sonre\u00edr es lo mejor de este modelo. Llevando la imaginaci\u00f3n al m\u00e1ximo. &nbsp; &nbsp;<\/p>\n","protected":false},"featured_media":2920,"comment_status":"closed","ping_status":"closed","template":"","meta":[],"_links":{"self":[{"href":"https:\/\/yumbainteractive.com\/index.php\/wp-json\/wp\/v2\/product\/2918"}],"collection":[{"href":"https:\/\/yumbainteractive.com\/index.php\/wp-json\/wp\/v2\/product"}],"about":[{"href":"https:\/\/yumbainteractive.com\/index.php\/wp-json\/wp\/v2\/types\/product"}],"replies":[{"embeddable":true,"href":"https:\/\/yumbainteractive.com\/index.php\/wp-json\/wp\/v2\/comments?post=2918"}],"wp:featuredmedia":[{"embeddable":true,"href":"https:\/\/yumbainteractive.com\/index.php\/wp-json\/wp\/v2\/media\/2920"}],"wp:attachment":[{"href":"https:\/\/yumbainteractive.com\/index.php\/wp-json\/wp\/v2\/media?parent=2918"}],"curies":[{"name":"wp","href":"https:\/\/api.w.org\/{rel}","templated":true}]}}