{"id":2553,"date":"2023-05-24T15:46:07","date_gmt":"2023-05-24T18:46:07","guid":{"rendered":"https:\/\/yumbainteractive.com\/?post_type=product&#038;p=2553"},"modified":"2024-08-08T14:10:34","modified_gmt":"2024-08-08T17:10:34","slug":"audio-guest-book","status":"publish","type":"product","link":"https:\/\/yumbainteractive.com\/index.php\/producto\/audio-guest-book\/","title":{"rendered":"WONDER PHONE &#8211; AUDIO GUEST BOOK"},"content":{"rendered":"<h3>\u00bfQU\u00c9 ES ESTO?<\/h3>\n<p>Un tel\u00e9fono antiguo para que tus amigos y familiares te dejen mensajes, para que los tengas de recuerdo como un tesoro.<\/p>\n<p><img decoding=\"async\" class=\"alignnone size-large wp-image-3207\" src=\"https:\/\/yumbainteractive.com\/wp-content\/uploads\/2023\/05\/Audio-Guest-Book-1024x677.png\" alt=\"\" width=\"1024\" height=\"677\" srcset=\"https:\/\/yumbainteractive.com\/wp-content\/uploads\/2023\/05\/Audio-Guest-Book-1024x677.png 1024w, https:\/\/yumbainteractive.com\/wp-content\/uploads\/2023\/05\/Audio-Guest-Book-300x198.png 300w, https:\/\/yumbainteractive.com\/wp-content\/uploads\/2023\/05\/Audio-Guest-Book-768x508.png 768w, https:\/\/yumbainteractive.com\/wp-content\/uploads\/2023\/05\/Audio-Guest-Book-1536x1016.png 1536w, https:\/\/yumbainteractive.com\/wp-content\/uploads\/2023\/05\/Audio-Guest-Book-600x397.png 600w, https:\/\/yumbainteractive.com\/wp-content\/uploads\/2023\/05\/Audio-Guest-Book.png 1920w\" sizes=\"(max-width: 1024px) 100vw, 1024px\" \/><\/p>\n<h3>\u00bfES F\u00c1CIL DE USAR?<\/h3>\n<p>Hemos dise\u00f1ado esto para que sea s\u00faper f\u00e1cil de usar.<\/p>\n<p>Quedan registrados brindis, buenos deseos y los recuerdos de todos los invitados.<br \/>\nHas estado all\u00ed&#8230; de pie y tratando de pensar en algo para escribir en un libro de visitas mientras otras personas esperan. \u00bfPor qu\u00e9 hacer pasar a tus invitados por eso?<\/p>\n<p><strong>Muchas personas se sienten c\u00f3modas hablando desde el coraz\u00f3n, pero se bloquean al intentar escribir sus sentimientos. Querr\u00e1s escuchar sus voces en los pr\u00f3ximos a\u00f1os&#8230; y eso no es todo, te lo entregamos en un formato video para que lo puedas visualizar y escuchar en Youtube.<\/strong><\/p>\n<p>Has que sus amigos y familiares levanten el tel\u00e9fono y expresen sus buenos deseos, felicitaciones y mensajes de aliento despu\u00e9s del PIP y cuelguen. Nuestro libro de invitados con audio hace que sea muy f\u00e1cil y divertido para los invitados dejar su propio mensaje grabado en un tel\u00e9fono antiguo.<\/p>\n<p>&nbsp;<\/p>\n<h3>\u00bfCOMO FUNCIONA?<\/h3>\n<p>&nbsp;<\/p>\n<p>SUS HU\u00c9SPEDES TOMAN EL TEL\u00c9FONO Y ESCUCHAN SU SALUDO INTRODUCTORIO<br \/>\nDespu\u00e9s del pitido, pueden comenzar a grabar su mensaje&#8230; contando una historia, cantando una canci\u00f3n o dando sus mejores deseos&#8230;<\/p>\n<p>Una vez que han terminado, simplemente cuelgan el tel\u00e9fono. La grabaci\u00f3n se almacena de forma segura. Luego presionando un bot\u00f3n que posee el telefono, pueden chequear que el mensaje se grab\u00f3 correctamente.<\/p>\n<p>Despu\u00e9s del evento, recuperaremos todas las grabaciones de la noche, haremos nuestra magia y te enviaremos mp3 y mp4 para que los guardes para siempre.<\/p>\n<p>Cada mensaje se graba y guarda como su propio correo de voz mp3 individual. Guardamos los mensajes como archivos de audio y los combinamos en un mp3 largo y un <strong>video con fotos del evento<\/strong> mp4 para compartir, o personalizado con una foto de su elecci\u00f3n. Nuestro libro de visitas de audio le da un toque vintage al evento y crea emoci\u00f3n a medida que se dejan bellos mensajes y estos sentimientos hechos mensajes se vuelven m\u00e1s significativos con el paso del tiempo.<\/p>\n<p>FORMAS DE CONTRATACI\u00d3N<br \/>\n1 &#8211; Enviamos el tel\u00e9fono a tu domicilio y lo retiramos.<\/p>\n<p>2 &#8211; Asistimos al evento y preparamos todo el servicio durante 2 horas para que te puedan dejar los mensajes.<\/p>\n<p><img decoding=\"async\" class=\"alignnone size-large wp-image-3208\" src=\"https:\/\/yumbainteractive.com\/wp-content\/uploads\/2023\/05\/Audio-Guest-Book-antiguo-1024x677.png\" alt=\"\" width=\"1024\" height=\"677\" srcset=\"https:\/\/yumbainteractive.com\/wp-content\/uploads\/2023\/05\/Audio-Guest-Book-antiguo-1024x677.png 1024w, https:\/\/yumbainteractive.com\/wp-content\/uploads\/2023\/05\/Audio-Guest-Book-antiguo-300x198.png 300w, https:\/\/yumbainteractive.com\/wp-content\/uploads\/2023\/05\/Audio-Guest-Book-antiguo-768x508.png 768w, https:\/\/yumbainteractive.com\/wp-content\/uploads\/2023\/05\/Audio-Guest-Book-antiguo-1536x1016.png 1536w, https:\/\/yumbainteractive.com\/wp-content\/uploads\/2023\/05\/Audio-Guest-Book-antiguo-600x397.png 600w, https:\/\/yumbainteractive.com\/wp-content\/uploads\/2023\/05\/Audio-Guest-Book-antiguo.png 1920w\" sizes=\"(max-width: 1024px) 100vw, 1024px\" \/><\/p>\n<p>Agrega magia al d\u00eda al capturar todo el amor de todos a su alrededor.<\/p>\n<p><iframe title=\"YouTube video player\" src=\"https:\/\/www.youtube.com\/embed\/EIcbOKwC3Q8?si=hSIbjRDGxE4W4A8b\" width=\"560\" height=\"315\" frameborder=\"0\" allowfullscreen=\"allowfullscreen\"><\/iframe><\/p>\n<p>Es un elemento hermoso en s\u00ed mismo y realza la apariencia del d\u00eda.<br \/>\nEs una forma preciosa de crear un rinc\u00f3n est\u00e9tico en la boda.<br \/>\nEs un regalo perfecto para tus invitados.<\/p>\n<p><iframe title=\"YouTube video player\" src=\"https:\/\/www.youtube.com\/embed\/c3TfzFv2UH8?si=7OzKOiXhqypzBVHc\" width=\"560\" height=\"315\" frameborder=\"0\" allowfullscreen=\"allowfullscreen\"><\/iframe><\/p>\n<p>&nbsp;<\/p>\n<div id='gallery-1' class='gallery galleryid-2553 gallery-columns-3 gallery-size-thumbnail'><figure class='gallery-item'>\n\t\t\t<div class='gallery-icon portrait'>\n\t\t\t\t<img width=\"150\" height=\"150\" src=\"https:\/\/yumbainteractive.com\/wp-content\/uploads\/2023\/05\/IMG_7242-150x150.jpg\" class=\"attachment-thumbnail size-thumbnail\" alt=\"\" decoding=\"async\" srcset=\"https:\/\/yumbainteractive.com\/wp-content\/uploads\/2023\/05\/IMG_7242-150x150.jpg 150w, https:\/\/yumbainteractive.com\/wp-content\/uploads\/2023\/05\/IMG_7242-300x300.jpg 300w, https:\/\/yumbainteractive.com\/wp-content\/uploads\/2023\/05\/IMG_7242-100x100.jpg 100w\" sizes=\"(max-width: 150px) 100vw, 150px\" \/>\n\t\t\t<\/div><\/figure><figure class='gallery-item'>\n\t\t\t<div class='gallery-icon landscape'>\n\t\t\t\t<img width=\"150\" height=\"150\" src=\"https:\/\/yumbainteractive.com\/wp-content\/uploads\/2023\/05\/IMG_7264-150x150.jpg\" class=\"attachment-thumbnail size-thumbnail\" alt=\"\" decoding=\"async\" srcset=\"https:\/\/yumbainteractive.com\/wp-content\/uploads\/2023\/05\/IMG_7264-150x150.jpg 150w, https:\/\/yumbainteractive.com\/wp-content\/uploads\/2023\/05\/IMG_7264-300x300.jpg 300w, https:\/\/yumbainteractive.com\/wp-content\/uploads\/2023\/05\/IMG_7264-100x100.jpg 100w\" sizes=\"(max-width: 150px) 100vw, 150px\" \/>\n\t\t\t<\/div><\/figure>\n\t\t<\/div>\n\n<p>&nbsp;<\/p>\n<h3>Regal\u00e1 el Servicio<\/h3>\n<p>Puedes contratar el servicio en modo REGALO\u00a0 para alguien que amas, puedes comprar una tarjeta regalo electr\u00f3nica del Servicio en cualquier<br \/>\nmomento, canjeable al realizar el servicio en el la fecha de la fiesta.<\/p>\n<p><img decoding=\"async\" class=\"alignnone size-full wp-image-2561\" src=\"https:\/\/yumbainteractive.com\/wp-content\/uploads\/2023\/05\/pngwing.com_.png\" alt=\"\" width=\"200\" height=\"145\" \/><\/p>\n<p>&nbsp;<\/p>\n<p>&nbsp;<\/p>\n<p>&nbsp;<\/p>\n<p><a href=\"https:\/\/api.whatsapp.com\/send?phone=5493513575940\"><img decoding=\"async\" class=\" wp-image-2562 aligncenter\" src=\"https:\/\/yumbainteractive.com\/wp-content\/uploads\/2023\/05\/boton-web_0.png\" alt=\"\" width=\"217\" height=\"76\" srcset=\"https:\/\/yumbainteractive.com\/wp-content\/uploads\/2023\/05\/boton-web_0.png 500w, https:\/\/yumbainteractive.com\/wp-content\/uploads\/2023\/05\/boton-web_0-300x105.png 300w\" sizes=\"(max-width: 217px) 100vw, 217px\" \/><\/a><\/p>\n","protected":false},"excerpt":{"rendered":"<p>Un registro de invitados para tu evento que permite que tus amigos y familiares te dejen mensajes grabados para que los guardes como un tesoro de ese momento para siempre.<\/p>\n","protected":false},"featured_media":2806,"comment_status":"closed","ping_status":"closed","template":"","meta":[],"_links":{"self":[{"href":"https:\/\/yumbainteractive.com\/index.php\/wp-json\/wp\/v2\/product\/2553"}],"collection":[{"href":"https:\/\/yumbainteractive.com\/index.php\/wp-json\/wp\/v2\/product"}],"about":[{"href":"https:\/\/yumbainteractive.com\/index.php\/wp-json\/wp\/v2\/types\/product"}],"replies":[{"embeddable":true,"href":"https:\/\/yumbainteractive.com\/index.php\/wp-json\/wp\/v2\/comments?post=2553"}],"wp:featuredmedia":[{"embeddable":true,"href":"https:\/\/yumbainteractive.com\/index.php\/wp-json\/wp\/v2\/media\/2806"}],"wp:attachment":[{"href":"https:\/\/yumbainteractive.com\/index.php\/wp-json\/wp\/v2\/media?parent=2553"}],"curies":[{"name":"wp","href":"https:\/\/api.w.org\/{rel}","templated":true}]}}