{"id":2024,"date":"2023-01-08T16:01:03","date_gmt":"2023-01-08T19:01:03","guid":{"rendered":"https:\/\/yumbainteractive.com\/?post_type=product&#038;p=2024"},"modified":"2025-08-19T15:17:38","modified_gmt":"2025-08-19T18:17:38","slug":"totem-interactivo","status":"publish","type":"product","link":"https:\/\/yumbainteractive.com\/index.php\/producto\/totem-interactivo\/","title":{"rendered":"T\u00f3tem Interactivo"},"content":{"rendered":"<h3 data-start=\"58\" data-end=\"96\">\ud83d\udcf2 T\u00f3tem Interactivo para Marcas<\/h3>\n<p data-start=\"97\" data-end=\"181\">Llev\u00e1 tu marca a otro nivel con nuestro <strong data-start=\"137\" data-end=\"178\">t\u00f3tem interactivo con pantalla t\u00e1ctil<\/strong>.<\/p>\n<p data-start=\"183\" data-end=\"466\">Creamos <strong data-start=\"191\" data-end=\"240\">juegos personalizados y experiencias a medida<\/strong>, dise\u00f1ados para atraer, divertir y generar conexi\u00f3n con tu p\u00fablico. Nuestro software se adapta a la identidad de tu marca, integrando gr\u00e1ficos, din\u00e1micas y premios que transforman cada interacci\u00f3n en un momento inolvidable.<\/p>\n<p data-start=\"468\" data-end=\"642\">\u2705 <strong data-start=\"470\" data-end=\"499\">Pantalla t\u00e1ctil intuitiva<\/strong><br data-start=\"499\" data-end=\"502\" \/>\u2705 <strong data-start=\"504\" data-end=\"537\">Juegos desarrollados a medida<\/strong><br data-start=\"537\" data-end=\"540\" \/>\u2705 <strong data-start=\"542\" data-end=\"590\">Experiencia 100% personalizada para tu marca<\/strong><br data-start=\"590\" data-end=\"593\" \/>\u2705 <strong data-start=\"595\" data-end=\"640\">Ideal para eventos, activaciones y ferias<\/strong><\/p>\n<p data-start=\"644\" data-end=\"771\">Con nuestro t\u00f3tem, tu marca deja de ser un logo para convertirse en una <strong data-start=\"716\" data-end=\"768\">experiencia interactiva que todos querr\u00e1n probar<\/strong>.<\/p>\n<p><span style=\"color: #3366ff;\"><strong><br \/>\nEl T\u00f3tem Interactivo permite<\/strong><\/span><\/p>\n<ul>\n<li>Romper el hielo<\/li>\n<li>Entregar Premios<\/li>\n<li>Lograr interacci\u00f3n con la marca.<\/li>\n<li>Relacionar la marca a la tecnolog\u00eda e innovaci\u00f3n.<\/li>\n<li>Crear atracci\u00f3n al Stand.<\/li>\n<\/ul>\n<p><div id='gallery-1' class='gallery galleryid-2024 gallery-columns-3 gallery-size-thumbnail'><figure class='gallery-item'>\n\t\t\t<div class='gallery-icon landscape'>\n\t\t\t\t<a href='https:\/\/yumbainteractive.com\/wp-content\/uploads\/2023\/01\/IMG_20231125_223009318-scaled.jpg'><img width=\"150\" height=\"150\" src=\"https:\/\/yumbainteractive.com\/wp-content\/uploads\/2023\/01\/IMG_20231125_223009318-150x150.jpg\" class=\"attachment-thumbnail size-thumbnail\" alt=\"Uso de Trivia en evento\" decoding=\"async\" srcset=\"https:\/\/yumbainteractive.com\/wp-content\/uploads\/2023\/01\/IMG_20231125_223009318-150x150.jpg 150w, https:\/\/yumbainteractive.com\/wp-content\/uploads\/2023\/01\/IMG_20231125_223009318-scaled-300x300.jpg 300w, https:\/\/yumbainteractive.com\/wp-content\/uploads\/2023\/01\/IMG_20231125_223009318-100x100.jpg 100w\" sizes=\"(max-width: 150px) 100vw, 150px\" \/><\/a>\n\t\t\t<\/div><\/figure><figure class='gallery-item'>\n\t\t\t<div class='gallery-icon portrait'>\n\t\t\t\t<a href='https:\/\/yumbainteractive.com\/wp-content\/uploads\/2023\/01\/IMG_7770-scaled.jpg'><img width=\"150\" height=\"150\" src=\"https:\/\/yumbainteractive.com\/wp-content\/uploads\/2023\/01\/IMG_7770-150x150.jpg\" class=\"attachment-thumbnail size-thumbnail\" alt=\"\" decoding=\"async\" srcset=\"https:\/\/yumbainteractive.com\/wp-content\/uploads\/2023\/01\/IMG_7770-150x150.jpg 150w, https:\/\/yumbainteractive.com\/wp-content\/uploads\/2023\/01\/IMG_7770-scaled-300x300.jpg 300w, https:\/\/yumbainteractive.com\/wp-content\/uploads\/2023\/01\/IMG_7770-100x100.jpg 100w\" sizes=\"(max-width: 150px) 100vw, 150px\" \/><\/a>\n\t\t\t<\/div><\/figure><figure class='gallery-item'>\n\t\t\t<div class='gallery-icon portrait'>\n\t\t\t\t<a href='https:\/\/yumbainteractive.com\/wp-content\/uploads\/2023\/01\/IMG_20240214_150048197-scaled.jpg'><img width=\"150\" height=\"150\" src=\"https:\/\/yumbainteractive.com\/wp-content\/uploads\/2023\/01\/IMG_20240214_150048197-150x150.jpg\" class=\"attachment-thumbnail size-thumbnail\" alt=\"\" decoding=\"async\" srcset=\"https:\/\/yumbainteractive.com\/wp-content\/uploads\/2023\/01\/IMG_20240214_150048197-150x150.jpg 150w, https:\/\/yumbainteractive.com\/wp-content\/uploads\/2023\/01\/IMG_20240214_150048197-scaled-300x300.jpg 300w, https:\/\/yumbainteractive.com\/wp-content\/uploads\/2023\/01\/IMG_20240214_150048197-100x100.jpg 100w\" sizes=\"(max-width: 150px) 100vw, 150px\" \/><\/a>\n\t\t\t<\/div><\/figure><figure class='gallery-item'>\n\t\t\t<div class='gallery-icon portrait'>\n\t\t\t\t<a href='https:\/\/yumbainteractive.com\/wp-content\/uploads\/2023\/01\/IMG_7771-scaled.jpg'><img width=\"150\" height=\"150\" src=\"https:\/\/yumbainteractive.com\/wp-content\/uploads\/2023\/01\/IMG_7771-150x150.jpg\" class=\"attachment-thumbnail size-thumbnail\" alt=\"Memotest personalizado para Caruso Seguros\" decoding=\"async\" srcset=\"https:\/\/yumbainteractive.com\/wp-content\/uploads\/2023\/01\/IMG_7771-150x150.jpg 150w, https:\/\/yumbainteractive.com\/wp-content\/uploads\/2023\/01\/IMG_7771-scaled-300x300.jpg 300w, https:\/\/yumbainteractive.com\/wp-content\/uploads\/2023\/01\/IMG_7771-100x100.jpg 100w\" sizes=\"(max-width: 150px) 100vw, 150px\" \/><\/a>\n\t\t\t<\/div><\/figure><figure class='gallery-item'>\n\t\t\t<div class='gallery-icon portrait'>\n\t\t\t\t<a href='https:\/\/yumbainteractive.com\/wp-content\/uploads\/2023\/01\/IMG_20240705_112513785_HDR-scaled.jpg'><img width=\"150\" height=\"150\" src=\"https:\/\/yumbainteractive.com\/wp-content\/uploads\/2023\/01\/IMG_20240705_112513785_HDR-150x150.jpg\" class=\"attachment-thumbnail size-thumbnail\" alt=\"Totem personalizado e instalado\" decoding=\"async\" srcset=\"https:\/\/yumbainteractive.com\/wp-content\/uploads\/2023\/01\/IMG_20240705_112513785_HDR-150x150.jpg 150w, https:\/\/yumbainteractive.com\/wp-content\/uploads\/2023\/01\/IMG_20240705_112513785_HDR-scaled-300x300.jpg 300w, https:\/\/yumbainteractive.com\/wp-content\/uploads\/2023\/01\/IMG_20240705_112513785_HDR-100x100.jpg 100w\" sizes=\"(max-width: 150px) 100vw, 150px\" \/><\/a>\n\t\t\t<\/div><\/figure><figure class='gallery-item'>\n\t\t\t<div class='gallery-icon portrait'>\n\t\t\t\t<a href='https:\/\/yumbainteractive.com\/wp-content\/uploads\/2023\/01\/IMG_20240424_174057645-scaled.jpg'><img width=\"150\" height=\"150\" src=\"https:\/\/yumbainteractive.com\/wp-content\/uploads\/2023\/01\/IMG_20240424_174057645-150x150.jpg\" class=\"attachment-thumbnail size-thumbnail\" alt=\"Stand con t\u00f3tems de Advanta en evento\" decoding=\"async\" srcset=\"https:\/\/yumbainteractive.com\/wp-content\/uploads\/2023\/01\/IMG_20240424_174057645-150x150.jpg 150w, https:\/\/yumbainteractive.com\/wp-content\/uploads\/2023\/01\/IMG_20240424_174057645-scaled-300x300.jpg 300w, https:\/\/yumbainteractive.com\/wp-content\/uploads\/2023\/01\/IMG_20240424_174057645-100x100.jpg 100w\" sizes=\"(max-width: 150px) 100vw, 150px\" \/><\/a>\n\t\t\t<\/div><\/figure><figure class='gallery-item'>\n\t\t\t<div class='gallery-icon portrait'>\n\t\t\t\t<a href='https:\/\/yumbainteractive.com\/wp-content\/uploads\/2023\/01\/IMG-20250707-WA0059-scaled.jpg'><img width=\"150\" height=\"150\" src=\"https:\/\/yumbainteractive.com\/wp-content\/uploads\/2023\/01\/IMG-20250707-WA0059-150x150.jpg\" class=\"attachment-thumbnail size-thumbnail\" alt=\"Ruleta en t\u00f3tem para Cordobesa\" decoding=\"async\" srcset=\"https:\/\/yumbainteractive.com\/wp-content\/uploads\/2023\/01\/IMG-20250707-WA0059-150x150.jpg 150w, https:\/\/yumbainteractive.com\/wp-content\/uploads\/2023\/01\/IMG-20250707-WA0059-scaled-300x300.jpg 300w, https:\/\/yumbainteractive.com\/wp-content\/uploads\/2023\/01\/IMG-20250707-WA0059-100x100.jpg 100w\" sizes=\"(max-width: 150px) 100vw, 150px\" \/><\/a>\n\t\t\t<\/div><\/figure><figure class='gallery-item'>\n\t\t\t<div class='gallery-icon portrait'>\n\t\t\t\t<a href='https:\/\/yumbainteractive.com\/wp-content\/uploads\/2023\/01\/IMG_20240718_172719872-scaled.jpg'><img width=\"150\" height=\"150\" src=\"https:\/\/yumbainteractive.com\/wp-content\/uploads\/2023\/01\/IMG_20240718_172719872-150x150.jpg\" class=\"attachment-thumbnail size-thumbnail\" alt=\"T\u00f3tem interactivo personalizado para todo moda en un evento\" decoding=\"async\" srcset=\"https:\/\/yumbainteractive.com\/wp-content\/uploads\/2023\/01\/IMG_20240718_172719872-150x150.jpg 150w, https:\/\/yumbainteractive.com\/wp-content\/uploads\/2023\/01\/IMG_20240718_172719872-scaled-300x300.jpg 300w, https:\/\/yumbainteractive.com\/wp-content\/uploads\/2023\/01\/IMG_20240718_172719872-100x100.jpg 100w\" sizes=\"(max-width: 150px) 100vw, 150px\" \/><\/a>\n\t\t\t<\/div><\/figure><figure class='gallery-item'>\n\t\t\t<div class='gallery-icon portrait'>\n\t\t\t\t<a href='https:\/\/yumbainteractive.com\/wp-content\/uploads\/2023\/01\/IMG_20240718_170633154-scaled.jpg'><img width=\"150\" height=\"150\" src=\"https:\/\/yumbainteractive.com\/wp-content\/uploads\/2023\/01\/IMG_20240718_170633154-150x150.jpg\" class=\"attachment-thumbnail size-thumbnail\" alt=\"Mujer usando memotest en t\u00f3tem de todo moda\" decoding=\"async\" srcset=\"https:\/\/yumbainteractive.com\/wp-content\/uploads\/2023\/01\/IMG_20240718_170633154-150x150.jpg 150w, https:\/\/yumbainteractive.com\/wp-content\/uploads\/2023\/01\/IMG_20240718_170633154-scaled-300x300.jpg 300w, https:\/\/yumbainteractive.com\/wp-content\/uploads\/2023\/01\/IMG_20240718_170633154-100x100.jpg 100w\" sizes=\"(max-width: 150px) 100vw, 150px\" \/><\/a>\n\t\t\t<\/div><\/figure>\n\t\t<\/div>\n<br \/>\n<div id='gallery-2' class='gallery galleryid-2024 gallery-columns-2 gallery-size-medium'><figure class='gallery-item'>\n\t\t\t<div class='gallery-icon portrait'>\n\t\t\t\t<a href='https:\/\/yumbainteractive.com\/?attachment_id=2049'><img width=\"226\" height=\"300\" src=\"https:\/\/yumbainteractive.com\/wp-content\/uploads\/2023\/01\/WhatsApp-Image-2023-01-08-at-5.23.13-PM-1-226x300.jpeg\" class=\"attachment-medium size-medium\" alt=\"\" decoding=\"async\" aria-describedby=\"gallery-2-2049\" srcset=\"https:\/\/yumbainteractive.com\/wp-content\/uploads\/2023\/01\/WhatsApp-Image-2023-01-08-at-5.23.13-PM-1-226x300.jpeg 226w, https:\/\/yumbainteractive.com\/wp-content\/uploads\/2023\/01\/WhatsApp-Image-2023-01-08-at-5.23.13-PM-1-771x1024.jpeg 771w, https:\/\/yumbainteractive.com\/wp-content\/uploads\/2023\/01\/WhatsApp-Image-2023-01-08-at-5.23.13-PM-1-768x1021.jpeg 768w, https:\/\/yumbainteractive.com\/wp-content\/uploads\/2023\/01\/WhatsApp-Image-2023-01-08-at-5.23.13-PM-1-1156x1536.jpeg 1156w, https:\/\/yumbainteractive.com\/wp-content\/uploads\/2023\/01\/WhatsApp-Image-2023-01-08-at-5.23.13-PM-1-600x797.jpeg 600w, https:\/\/yumbainteractive.com\/wp-content\/uploads\/2023\/01\/WhatsApp-Image-2023-01-08-at-5.23.13-PM-1.jpeg 1204w\" sizes=\"(max-width: 226px) 100vw, 226px\" \/><\/a>\n\t\t\t<\/div>\n\t\t\t\t<figcaption class='wp-caption-text gallery-caption' id='gallery-2-2049'>\n\t\t\t\tSchweppes\n\t\t\t\t<\/figcaption><\/figure><figure class='gallery-item'>\n\t\t\t<div class='gallery-icon portrait'>\n\t\t\t\t<a href='https:\/\/yumbainteractive.com\/?attachment_id=2051'><img width=\"225\" height=\"300\" src=\"https:\/\/yumbainteractive.com\/wp-content\/uploads\/2023\/01\/WhatsApp-Image-2023-01-08-at-5.23.12-PM-225x300.jpeg\" class=\"attachment-medium size-medium\" alt=\"\" decoding=\"async\" aria-describedby=\"gallery-2-2051\" srcset=\"https:\/\/yumbainteractive.com\/wp-content\/uploads\/2023\/01\/WhatsApp-Image-2023-01-08-at-5.23.12-PM-225x300.jpeg 225w, https:\/\/yumbainteractive.com\/wp-content\/uploads\/2023\/01\/WhatsApp-Image-2023-01-08-at-5.23.12-PM-768x1024.jpeg 768w, https:\/\/yumbainteractive.com\/wp-content\/uploads\/2023\/01\/WhatsApp-Image-2023-01-08-at-5.23.12-PM-1152x1536.jpeg 1152w, https:\/\/yumbainteractive.com\/wp-content\/uploads\/2023\/01\/WhatsApp-Image-2023-01-08-at-5.23.12-PM-600x800.jpeg 600w, https:\/\/yumbainteractive.com\/wp-content\/uploads\/2023\/01\/WhatsApp-Image-2023-01-08-at-5.23.12-PM.jpeg 1200w\" sizes=\"(max-width: 225px) 100vw, 225px\" \/><\/a>\n\t\t\t<\/div>\n\t\t\t\t<figcaption class='wp-caption-text gallery-caption' id='gallery-2-2051'>\n\t\t\t\tSchweppes\n\t\t\t\t<\/figcaption><\/figure><figure class='gallery-item'>\n\t\t\t<div class='gallery-icon landscape'>\n\t\t\t\t<a href='https:\/\/yumbainteractive.com\/?attachment_id=2052'><img width=\"300\" height=\"226\" src=\"https:\/\/yumbainteractive.com\/wp-content\/uploads\/2023\/01\/WhatsApp-Image-2023-01-08-at-5.44.30-PM-1-1-300x226.jpeg\" class=\"attachment-medium size-medium\" alt=\"\" decoding=\"async\" aria-describedby=\"gallery-2-2052\" srcset=\"https:\/\/yumbainteractive.com\/wp-content\/uploads\/2023\/01\/WhatsApp-Image-2023-01-08-at-5.44.30-PM-1-1-300x226.jpeg 300w, https:\/\/yumbainteractive.com\/wp-content\/uploads\/2023\/01\/WhatsApp-Image-2023-01-08-at-5.44.30-PM-1-1-1024x771.jpeg 1024w, https:\/\/yumbainteractive.com\/wp-content\/uploads\/2023\/01\/WhatsApp-Image-2023-01-08-at-5.44.30-PM-1-1-768x578.jpeg 768w, https:\/\/yumbainteractive.com\/wp-content\/uploads\/2023\/01\/WhatsApp-Image-2023-01-08-at-5.44.30-PM-1-1-1536x1156.jpeg 1536w, https:\/\/yumbainteractive.com\/wp-content\/uploads\/2023\/01\/WhatsApp-Image-2023-01-08-at-5.44.30-PM-1-1-600x452.jpeg 600w, https:\/\/yumbainteractive.com\/wp-content\/uploads\/2023\/01\/WhatsApp-Image-2023-01-08-at-5.44.30-PM-1-1.jpeg 1600w\" sizes=\"(max-width: 300px) 100vw, 300px\" \/><\/a>\n\t\t\t<\/div>\n\t\t\t\t<figcaption class='wp-caption-text gallery-caption' id='gallery-2-2052'>\n\t\t\t\tCoca-Cola\n\t\t\t\t<\/figcaption><\/figure><figure class='gallery-item'>\n\t\t\t<div class='gallery-icon portrait'>\n\t\t\t\t<a href='https:\/\/yumbainteractive.com\/?attachment_id=2055'><img width=\"169\" height=\"300\" src=\"https:\/\/yumbainteractive.com\/wp-content\/uploads\/2023\/01\/WhatsApp-Image-2023-01-07-at-8.32.07-PM-1-169x300.jpeg\" class=\"attachment-medium size-medium\" alt=\"\" decoding=\"async\" aria-describedby=\"gallery-2-2055\" srcset=\"https:\/\/yumbainteractive.com\/wp-content\/uploads\/2023\/01\/WhatsApp-Image-2023-01-07-at-8.32.07-PM-1-169x300.jpeg 169w, https:\/\/yumbainteractive.com\/wp-content\/uploads\/2023\/01\/WhatsApp-Image-2023-01-07-at-8.32.07-PM-1-576x1024.jpeg 576w, https:\/\/yumbainteractive.com\/wp-content\/uploads\/2023\/01\/WhatsApp-Image-2023-01-07-at-8.32.07-PM-1-768x1365.jpeg 768w, https:\/\/yumbainteractive.com\/wp-content\/uploads\/2023\/01\/WhatsApp-Image-2023-01-07-at-8.32.07-PM-1-864x1536.jpeg 864w, https:\/\/yumbainteractive.com\/wp-content\/uploads\/2023\/01\/WhatsApp-Image-2023-01-07-at-8.32.07-PM-1-600x1067.jpeg 600w, https:\/\/yumbainteractive.com\/wp-content\/uploads\/2023\/01\/WhatsApp-Image-2023-01-07-at-8.32.07-PM-1.jpeg 900w\" sizes=\"(max-width: 169px) 100vw, 169px\" \/><\/a>\n\t\t\t<\/div>\n\t\t\t\t<figcaption class='wp-caption-text gallery-caption' id='gallery-2-2055'>\n\t\t\t\tBA Ciudad &#8211; Turismo\n\t\t\t\t<\/figcaption><\/figure>\n\t\t<\/div>\n<\/p>\n<p><span style=\"color: #3366ff;\"><strong>Juegos<\/strong><\/span><\/p>\n<ul>\n<li>Trivia de preguntas y respuestas<\/li>\n<li>Ruleta con premios<\/li>\n<li>Memotest<\/li>\n<li>Otros juegos<\/li>\n<\/ul>\n<p><span style=\"color: #3366ff;\"><strong>El servicio incluye<\/strong><\/span><br \/>\n&#8211; T\u00f3tems interactivos<br \/>\n&#8211; Customizaci\u00f3n de juegos<br \/>\n&#8211; Alquiler de juegos.<br \/>\n&#8211; Transportaci\u00f3n y montaje<br \/>\n&#8211; Personal para asistir a los invitados.<\/p>\n<p><iframe src=\"https:\/\/drive.google.com\/file\/d\/1GRCB77M1fbjeeNF2Jcr2Mvo6T_b2eRPJ\/preview\" width=\"640\" height=\"480\"><\/iframe><\/p>\n<p><iframe src=\"https:\/\/drive.google.com\/file\/d\/19wN1-u_YFWLexS0lkrpNxz4w08RZ2yMH\/preview\" width=\"640\" height=\"480\"><\/iframe><\/p>\n<p>Por otro lado te mostramos algunas aplicaciones:<br \/>\n<iframe src=\"https:\/\/drive.google.com\/file\/d\/1PqddvMdwPD2PiGuQgnuQUHZnhj8DJ8Qa\/preview\" width=\"640\" height=\"480\"><\/iframe><\/p>\n<p><iframe title=\"YouTube video player\" src=\"https:\/\/www.youtube.com\/embed\/LnBZZw8Jjnk\" width=\"560\" height=\"315\" frameborder=\"0\" allowfullscreen=\"allowfullscreen\"><\/iframe><\/p>\n","protected":false},"excerpt":{"rendered":"<p>\ud83d\udcf2 T\u00f3tem Interactivo para Marcas Llev\u00e1 tu marca a otro nivel con nuestro t\u00f3tem interactivo con pantalla t\u00e1ctil. Creamos juegos personalizados y experiencias a medida, dise\u00f1ados para atraer, divertir y generar conexi\u00f3n con tu p\u00fablico. Nuestro software se adapta a la identidad de tu marca, integrando gr\u00e1ficos, din\u00e1micas y premios que transforman cada interacci\u00f3n en &hellip;<\/p>\n<p class=\"read-more\"> <a class=\"\" href=\"https:\/\/yumbainteractive.com\/index.php\/producto\/totem-interactivo\/\"> <span class=\"screen-reader-text\">T\u00f3tem Interactivo<\/span> Leer m\u00e1s &raquo;<\/a><\/p>\n","protected":false},"featured_media":2360,"comment_status":"closed","ping_status":"closed","template":"","meta":[],"_links":{"self":[{"href":"https:\/\/yumbainteractive.com\/index.php\/wp-json\/wp\/v2\/product\/2024"}],"collection":[{"href":"https:\/\/yumbainteractive.com\/index.php\/wp-json\/wp\/v2\/product"}],"about":[{"href":"https:\/\/yumbainteractive.com\/index.php\/wp-json\/wp\/v2\/types\/product"}],"replies":[{"embeddable":true,"href":"https:\/\/yumbainteractive.com\/index.php\/wp-json\/wp\/v2\/comments?post=2024"}],"wp:featuredmedia":[{"embeddable":true,"href":"https:\/\/yumbainteractive.com\/index.php\/wp-json\/wp\/v2\/media\/2360"}],"wp:attachment":[{"href":"https:\/\/yumbainteractive.com\/index.php\/wp-json\/wp\/v2\/media?parent=2024"}],"curies":[{"name":"wp","href":"https:\/\/api.w.org\/{rel}","templated":true}]}}