{"id":1725,"date":"2021-07-28T23:29:12","date_gmt":"2021-07-29T02:29:12","guid":{"rendered":"https:\/\/yumbainteractive.com\/?post_type=product&#038;p=1725"},"modified":"2023-05-24T15:52:38","modified_gmt":"2023-05-24T18:52:38","slug":"cabina-360-empresas","status":"publish","type":"product","link":"https:\/\/yumbainteractive.com\/index.php\/producto\/cabina-360-empresas\/","title":{"rendered":"Cabina 360\u00b0 (Empresas)"},"content":{"rendered":"<p><img decoding=\"async\" class=\"alignnone wp-image-1702\" src=\"https:\/\/yumbainteractive.com\/wp-content\/uploads\/2021\/02\/BANNER-1-300x136.jpg\" alt=\"\" width=\"1577\" height=\"715\" srcset=\"https:\/\/yumbainteractive.com\/wp-content\/uploads\/2021\/02\/BANNER-1-300x136.jpg 300w, https:\/\/yumbainteractive.com\/wp-content\/uploads\/2021\/02\/BANNER-1-1024x463.jpg 1024w, https:\/\/yumbainteractive.com\/wp-content\/uploads\/2021\/02\/BANNER-1-768x347.jpg 768w, https:\/\/yumbainteractive.com\/wp-content\/uploads\/2021\/02\/BANNER-1-600x271.jpg 600w\" sizes=\"(max-width: 1577px) 100vw, 1577px\" \/><\/p>\n<p>&nbsp;<\/p>\n<p>En 360\u00b0 su marca estar\u00e1 en toda su gloria durante el evento. Nuestro stand 360 le permite a los participantes moverse y moverse mientras se graba su video a la velocidad del rayo. Simplemente sube a la plataforma, decide qu\u00e9 movimientos vas a realizar y espera a que la c\u00e1mara empiece a girar. Tomamos el video y agregamos efectos como <strong>Slow Motion<\/strong> entre otros, para lograr increibles videos que se podr\u00e1n compartir por las redes y <strong>viralizar el evento<\/strong>.<\/p>\n<p><iframe title=\"YouTube video player\" src=\"https:\/\/www.youtube.com\/embed\/2XyiVHQDzho\" width=\"560\" height=\"315\" frameborder=\"0\" allowfullscreen=\"allowfullscreen\"><\/iframe><\/p>\n<p>Nuestro alquiler de cabina 360 en todo el pa\u00eds lo captura a usted usted y sus todos los amigos amantes de la diversi\u00f3n que haya tra\u00eddo, al mismo tiempo que muestra gran parte de su entorno. Por lo tanto, es perfecto para eventos con excelentes decoraciones, bellos salones e iluminaci\u00f3n divertida que realmente desea presumir.<\/p>\n<h2><\/h2>\n<h3>La base queda mucho mejor PLOTEADA con LA MARCA para trabajar el BRANDING.<\/h3>\n<h3>Los videos cuando son entregados a los segundos de que empieza a girar, tambi\u00e9n llevan la marca de agua de la marca de tu empresa para tener mejor y mayor presencia.<\/h3>\n<p><img decoding=\"async\" class=\"alignnone wp-image-1727\" src=\"https:\/\/yumbainteractive.com\/wp-content\/uploads\/2021\/07\/Hfd14509bd04e4a6c97ac60a55aea471cX.jpg\" alt=\"\" width=\"555\" height=\"555\" srcset=\"https:\/\/yumbainteractive.com\/wp-content\/uploads\/2021\/07\/Hfd14509bd04e4a6c97ac60a55aea471cX.jpg 800w, https:\/\/yumbainteractive.com\/wp-content\/uploads\/2021\/07\/Hfd14509bd04e4a6c97ac60a55aea471cX-300x300.jpg 300w, https:\/\/yumbainteractive.com\/wp-content\/uploads\/2021\/07\/Hfd14509bd04e4a6c97ac60a55aea471cX-150x150.jpg 150w, https:\/\/yumbainteractive.com\/wp-content\/uploads\/2021\/07\/Hfd14509bd04e4a6c97ac60a55aea471cX-768x768.jpg 768w, https:\/\/yumbainteractive.com\/wp-content\/uploads\/2021\/07\/Hfd14509bd04e4a6c97ac60a55aea471cX-600x600.jpg 600w, https:\/\/yumbainteractive.com\/wp-content\/uploads\/2021\/07\/Hfd14509bd04e4a6c97ac60a55aea471cX-100x100.jpg 100w\" sizes=\"(max-width: 555px) 100vw, 555px\" \/><\/p>\n<h2><span style=\"color: #a239ca; font-family: 'Roboto';\">La primer cabina de fotos y v\u00eddeos en 360 grados en C\u00f3rdoba de 2021.<\/span><\/h2>\n<p>&nbsp;<\/p>\n<p><iframe title=\"YouTube video player\" src=\"https:\/\/www.youtube.com\/embed\/jvRGO1r7ND0\" width=\"560\" height=\"315\" frameborder=\"0\" allowfullscreen=\"allowfullscreen\"><\/iframe><br \/>\n<iframe title=\"YouTube video player\" src=\"https:\/\/www.youtube.com\/embed\/SXhlfWOl0_Y\" width=\"560\" height=\"315\" frameborder=\"0\" allowfullscreen=\"allowfullscreen\"><\/iframe><\/p>\n<p><img decoding=\"async\" class=\"alignnone size-large wp-image-1706\" src=\"https:\/\/yumbainteractive.com\/wp-content\/uploads\/2021\/02\/banner-2-CON-CALIDAD-1024x456.png\" alt=\"\" width=\"1024\" height=\"456\" srcset=\"https:\/\/yumbainteractive.com\/wp-content\/uploads\/2021\/02\/banner-2-CON-CALIDAD-1024x456.png 1024w, https:\/\/yumbainteractive.com\/wp-content\/uploads\/2021\/02\/banner-2-CON-CALIDAD-300x134.png 300w, https:\/\/yumbainteractive.com\/wp-content\/uploads\/2021\/02\/banner-2-CON-CALIDAD-768x342.png 768w, https:\/\/yumbainteractive.com\/wp-content\/uploads\/2021\/02\/banner-2-CON-CALIDAD-1536x684.png 1536w, https:\/\/yumbainteractive.com\/wp-content\/uploads\/2021\/02\/banner-2-CON-CALIDAD-2048x911.png 2048w, https:\/\/yumbainteractive.com\/wp-content\/uploads\/2021\/02\/banner-2-CON-CALIDAD-600x267.png 600w\" sizes=\"(max-width: 1024px) 100vw, 1024px\" \/><\/p>\n<p>Ven y descubre con nosotros este\u00a0 incre\u00edble PhotoBooth que produce videos que todos querr\u00e1n compartir.<\/p>\n<p>Por que usar solo un \u00e1ngulo si podemos usar los TODOS !!<\/p>\n<p>Con su tecnolog\u00eda de estabilidad de c\u00e1mara sin sacudidas, cualquier actividad intensa en la plataforma por parte del usuario no afectar\u00e1 el movimiento de la c\u00e1mara, lo que resultar\u00e1 en un disparo suave y continuo en todo momento. Un brazo de c\u00e1mara reforzado le dar\u00e1 la capacidad de capturar v\u00eddeos UNICOS.<\/p>\n<h2><span style=\"color: #a239ca; font-family: roboto;\">\u00bfQu\u00e9 incluye el servicio?<\/span><\/h2>\n<h3><\/h3>\n<ul>\n<li>Vid\u00e9os ilimitados por 2hs de servicio.<\/li>\n<li>Fotograf\u00eda ilimitada por 2hs de servicio. Si la cl\u00e1sica tirita de fotos.<\/li>\n<li>Personal de Yumba Interactive, un asistente y un t\u00e9cnico.<\/li>\n<li>Dise\u00f1o personalizado con el logo de tu empresa, mensaje de cumplea\u00f1os o de boda.<\/li>\n<li>Cotill\u00f3n premium para acompa\u00f1ar los videos y las fotos.<\/li>\n<\/ul>\n<h3><\/h3>\n<p>&nbsp;<\/p>\n<h2><span style=\"color: #a239ca; font-family: 'Roboto';\">Porque utilizarla para promocionar mi marca? \u00a1Todas las respuestas!<\/span><\/h2>\n<p>&nbsp;<\/p>\n<p><img decoding=\"async\" class=\"size-large wp-image-1705\" src=\"https:\/\/yumbainteractive.com\/wp-content\/uploads\/2021\/02\/fotomontaje-2-logo-SMALL-1024x684.jpg\" alt=\"\" width=\"1024\" height=\"684\" srcset=\"https:\/\/yumbainteractive.com\/wp-content\/uploads\/2021\/02\/fotomontaje-2-logo-SMALL-1024x684.jpg 1024w, https:\/\/yumbainteractive.com\/wp-content\/uploads\/2021\/02\/fotomontaje-2-logo-SMALL-300x200.jpg 300w, https:\/\/yumbainteractive.com\/wp-content\/uploads\/2021\/02\/fotomontaje-2-logo-SMALL-768x513.jpg 768w, https:\/\/yumbainteractive.com\/wp-content\/uploads\/2021\/02\/fotomontaje-2-logo-SMALL-600x401.jpg 600w, https:\/\/yumbainteractive.com\/wp-content\/uploads\/2021\/02\/fotomontaje-2-logo-SMALL.jpg 1320w\" sizes=\"(max-width: 1024px) 100vw, 1024px\" \/><\/p>\n<ul>\n<li>La cabina es innovadora y esta probada, generando incre\u00edble contenido que los asistentes desearan compartir.<\/li>\n<li>Incluye los logos de la marca, en la base y en los videos generados.<\/li>\n<li>Permite viralizar el evento.<\/li>\n<li>Nuestros asistentes estar\u00e1n en cubierta para operar todo sin problemas y asegurarle que los invitados disfruten al m\u00e1ximo su experiencia.<\/li>\n<li>Relaciona cualquier marca con innovaci\u00f3n y experiencia. Permitiendo fidelizar y captar nuevos leads.<\/li>\n<\/ul>\n<p>Si cree que su evento podr\u00eda usar el alquiler de la cabina 360, pero no sabe c\u00f3mo se ver\u00eda la instalaci\u00f3n en su lugar, \u00a1ll\u00e1menos! Cont\u00e1ctenos hoy y estaremos encantados de repasar los detalles.<\/p>\n","protected":false},"excerpt":{"rendered":"<h2><span style=\"color: #a239ca; font-family: roboto;\">CABINA 360\u00b0<\/span><\/h2>\n<p>&nbsp;<\/p>\n<p>Cabina de Video 360 grados para que los invitados se diviertan con esta experiencia. No te vas a arrepentir. Sirve igual como cabina de fotos donde tus invitados se pueden llevar la foto personalizada.<br \/>\nAdem\u00e1s de la foto, puedes generar por medio del video booth, videos 360 grados tal como lo mostramos m\u00e1s adelante.<\/p>\n","protected":false},"featured_media":1701,"comment_status":"closed","ping_status":"closed","template":"","meta":[],"_links":{"self":[{"href":"https:\/\/yumbainteractive.com\/index.php\/wp-json\/wp\/v2\/product\/1725"}],"collection":[{"href":"https:\/\/yumbainteractive.com\/index.php\/wp-json\/wp\/v2\/product"}],"about":[{"href":"https:\/\/yumbainteractive.com\/index.php\/wp-json\/wp\/v2\/types\/product"}],"replies":[{"embeddable":true,"href":"https:\/\/yumbainteractive.com\/index.php\/wp-json\/wp\/v2\/comments?post=1725"}],"wp:featuredmedia":[{"embeddable":true,"href":"https:\/\/yumbainteractive.com\/index.php\/wp-json\/wp\/v2\/media\/1701"}],"wp:attachment":[{"href":"https:\/\/yumbainteractive.com\/index.php\/wp-json\/wp\/v2\/media?parent=1725"}],"curies":[{"name":"wp","href":"https:\/\/api.w.org\/{rel}","templated":true}]}}