{"id":1397,"date":"2021-02-23T19:17:29","date_gmt":"2021-02-23T22:17:29","guid":{"rendered":"https:\/\/yumbainteractive.com\/?post_type=product&#038;p=1397"},"modified":"2023-12-06T11:27:50","modified_gmt":"2023-12-06T14:27:50","slug":"cabina-360","status":"publish","type":"product","link":"https:\/\/yumbainteractive.com\/index.php\/producto\/cabina-360\/","title":{"rendered":"Cabina 360\u00b0"},"content":{"rendered":"<p><img decoding=\"async\" class=\"alignnone wp-image-1702\" src=\"https:\/\/yumbainteractive.com\/wp-content\/uploads\/2021\/02\/BANNER-1-300x136.jpg\" alt=\"\" width=\"1577\" height=\"715\" srcset=\"https:\/\/yumbainteractive.com\/wp-content\/uploads\/2021\/02\/BANNER-1-300x136.jpg 300w, https:\/\/yumbainteractive.com\/wp-content\/uploads\/2021\/02\/BANNER-1-1024x463.jpg 1024w, https:\/\/yumbainteractive.com\/wp-content\/uploads\/2021\/02\/BANNER-1-768x347.jpg 768w, https:\/\/yumbainteractive.com\/wp-content\/uploads\/2021\/02\/BANNER-1-600x271.jpg 600w\" sizes=\"(max-width: 1577px) 100vw, 1577px\" \/><\/p>\n<p>&nbsp;<\/p>\n<p>En 360\u00b0 usted y sus invitados estar\u00e1n en toda su gloria durante la fiesta. Nuestra plataforma 360 le permite moverse y moverse mientras se graba su video a la velocidad del rayo. Simplemente sube a la plataforma, decide qu\u00e9 movimientos vas a realizar y espera a que la c\u00e1mara empiece a girar.<\/p>\n<p><iframe src=\"https:\/\/drive.google.com\/file\/d\/1_nkCvu21j7iXc3nOKEqLSRyY-kD-eF0g\/preview\" width=\"640\" height=\"480\"><\/iframe><\/p>\n<p>Nuestro alquiler de cabina 360 en todo el pa\u00eds, lo captura a usted usted y sus todos los amigos con toda la emoci\u00f3n del momento y glamour, al mismo tiempo que muestra gran parte de su entorno. Por lo tanto, es perfecto para eventos con excelentes decoraciones, bellos salones e iluminaci\u00f3n divertida que realmente desea presumir.<\/p>\n<h2><span style=\"color: #a239ca; font-family: 'Roboto';\">La primer cabina de fotos y v\u00eddeos en 360 grados del Pa\u00eds.<\/span><\/h2>\n<p><iframe title=\"YouTube video player\" src=\"https:\/\/www.youtube.com\/embed\/HN35DnCYu6w\" width=\"560\" height=\"315\" frameborder=\"0\" allowfullscreen=\"allowfullscreen\"><\/iframe><br \/>\n<img decoding=\"async\" class=\"alignnone size-large wp-image-1706\" src=\"https:\/\/yumbainteractive.com\/wp-content\/uploads\/2021\/02\/banner-2-CON-CALIDAD-1024x456.png\" alt=\"\" width=\"1024\" height=\"456\" srcset=\"https:\/\/yumbainteractive.com\/wp-content\/uploads\/2021\/02\/banner-2-CON-CALIDAD-1024x456.png 1024w, https:\/\/yumbainteractive.com\/wp-content\/uploads\/2021\/02\/banner-2-CON-CALIDAD-300x134.png 300w, https:\/\/yumbainteractive.com\/wp-content\/uploads\/2021\/02\/banner-2-CON-CALIDAD-768x342.png 768w, https:\/\/yumbainteractive.com\/wp-content\/uploads\/2021\/02\/banner-2-CON-CALIDAD-1536x684.png 1536w, https:\/\/yumbainteractive.com\/wp-content\/uploads\/2021\/02\/banner-2-CON-CALIDAD-2048x911.png 2048w, https:\/\/yumbainteractive.com\/wp-content\/uploads\/2021\/02\/banner-2-CON-CALIDAD-600x267.png 600w\" sizes=\"(max-width: 1024px) 100vw, 1024px\" \/><\/p>\n<p>&nbsp;<\/p>\n<p><iframe src=\"https:\/\/drive.google.com\/file\/d\/19igK1nBhgO5HjFw6_cXknXdENW4gRb4Q\/preview\" width=\"640\" height=\"480\"><\/iframe><br \/>\n&nbsp;<\/p>\n<p><iframe title=\"YouTube video player\" src=\"https:\/\/www.youtube.com\/embed\/lbjn2Qyl94I\" width=\"560\" height=\"315\" frameborder=\"0\" allowfullscreen=\"allowfullscreen\"><\/iframe><\/p>\n<p>&nbsp;<\/p>\n<p>Ven y descubre con nosotros este\u00a0 incre\u00edble PhotoBooth que produce videos que todos querr\u00e1n compartir.<\/p>\n<p>Por que usar solo un \u00e1ngulo si podemos usar los TODOS !!<br \/>\n<iframe src=\"https:\/\/drive.google.com\/file\/d\/1Az0ZPbxM4VLHJ1WrkZewGKUEgiNBfOy8\/preview\" width=\"640\" height=\"480\" allow=\"autoplay\"><\/iframe><\/p>\n<p>Con su tecnolog\u00eda de estabilidad de c\u00e1mara sin sacudidas, cualquier actividad intensa en la plataforma por parte del usuario no afectar\u00e1 el movimiento de la c\u00e1mara, lo que resultar\u00e1 en un disparo suave y continuo en todo momento. Un brazo de c\u00e1mara reforzado le dar\u00e1 la capacidad de capturar v\u00eddeos UNICOS.<\/p>\n<h2><span style=\"color: #a239ca; font-family: roboto;\">\u00bfQu\u00e9 incluye el servicio?<\/span><\/h2>\n<h3><\/h3>\n<ul>\n<li>Vid\u00e9os ilimitados por 3hs de servicio.<\/li>\n<li>Los videos se suben a un Drive, y se comparte un c\u00f3digo QR para que los invitados se puedan descargar y compartir sus videos en el evento.<\/li>\n<li>Personal de Yumba Interactive, un asistente y un t\u00e9cnico.<\/li>\n<li>Dise\u00f1o personalizado con el logo de tu empresa, mensaje de cumplea\u00f1os o de boda.<\/li>\n<\/ul>\n<h2><span style=\"color: #a239ca; font-family: 'Roboto';\">Te intimida? \u00a1No lo est\u00e9s!<\/span><\/h2>\n<p>&nbsp;<\/p>\n<p><img decoding=\"async\" class=\"size-large wp-image-1705\" src=\"https:\/\/yumbainteractive.com\/wp-content\/uploads\/2021\/02\/fotomontaje-2-logo-SMALL-1024x684.jpg\" alt=\"\" width=\"1024\" height=\"684\" srcset=\"https:\/\/yumbainteractive.com\/wp-content\/uploads\/2021\/02\/fotomontaje-2-logo-SMALL-1024x684.jpg 1024w, https:\/\/yumbainteractive.com\/wp-content\/uploads\/2021\/02\/fotomontaje-2-logo-SMALL-300x200.jpg 300w, https:\/\/yumbainteractive.com\/wp-content\/uploads\/2021\/02\/fotomontaje-2-logo-SMALL-768x513.jpg 768w, https:\/\/yumbainteractive.com\/wp-content\/uploads\/2021\/02\/fotomontaje-2-logo-SMALL-600x401.jpg 600w, https:\/\/yumbainteractive.com\/wp-content\/uploads\/2021\/02\/fotomontaje-2-logo-SMALL.jpg 1320w\" sizes=\"(max-width: 1024px) 100vw, 1024px\" \/><\/p>\n<p>Aunque esta cabina necesita un poco de espacio (\u00a13 metros x 3 metros, por favor!). Nuestros asistentes estar\u00e1n en cubierta para operar todo sin problemas y asegurarle que aproveche al m\u00e1ximo su experiencia de alquiler de la cabina 360. Queremos que cada tipo de evento reserve este stand porque creemos que cualquier cosa se ve bien en un video 360 grados. El efecto de c\u00e1mara lenta a\u00f1adido al final eleva el resultado final: \u00bfa qui\u00e9n no le encanta un buen baile en c\u00e1mara lenta, un lanzamiento de confeti o un movimiento de cintura?<\/p>\n<p>Si cree que su evento podr\u00eda usar el alquiler de la cabina 360, pero no sabe c\u00f3mo se ver\u00eda la instalaci\u00f3n en su lugar, \u00a1ll\u00e1menos! Cont\u00e1ctenos hoy y estaremos encantados de repasar los detalles.<br \/>\n<iframe title=\"YouTube video player\" src=\"https:\/\/www.youtube.com\/embed\/jvRGO1r7ND0\" width=\"560\" height=\"315\" frameborder=\"0\" allowfullscreen=\"allowfullscreen\"><\/iframe><\/p>\n        <div id=\"sbi_mod_error\" >\r\n            <span> Este mensaje de error solo es visible para los administradores de WordPress<\/span><br \/>\r\n            <p><b>Error: No hay cuenta conectada.<\/b>\r\n            <p>Por favor, ve a la p\u00e1gina de ajustes de Instagram Feed para conectar una cuenta.<\/p>\r\n        <\/div>\r\n\t\t\n<p><iframe src=\"https:\/\/drive.google.com\/file\/d\/1sTelqZAwpRSfwJEKJLls-H5uXY-oHBWB\/preview\" width=\"640\" height=\"480\"><\/iframe><\/p>\n<p><iframe src=\"https:\/\/drive.google.com\/file\/d\/1XlkismDYxzJnEJfRA5VpY4d4dm8J2A6v\/preview\" width=\"640\" height=\"480\"><\/iframe><\/p>\n<p><iframe src=\"https:\/\/drive.google.com\/file\/d\/1_tHwRzpGS1oGF8CsS5oOXk3qpwlRs0yP\/preview\" width=\"640\" height=\"480\"><\/iframe><\/p>\n","protected":false},"excerpt":{"rendered":"<h2><span style=\"color: #a239ca; font-family: roboto;\">CABINA 360\u00b0<\/span><\/h2>\n<p>&nbsp;<\/p>\n<p>Cabina de Video 360 grados para que los invitados se diviertan con esta experiencia. No te vas a arrepentir. Es una cabina que genera Videos en Slow Motion, con efectos agregados un marco personalizado. VIDEOS INCREIBLES que todos querr\u00e1n compartir en sus redes sociales.<br \/>\nTambi\u00e9n conocida como video booth, videos 360 grados tal como lo mostramos m\u00e1s adelante.<\/p>\n","protected":false},"featured_media":1701,"comment_status":"closed","ping_status":"closed","template":"","meta":[],"_links":{"self":[{"href":"https:\/\/yumbainteractive.com\/index.php\/wp-json\/wp\/v2\/product\/1397"}],"collection":[{"href":"https:\/\/yumbainteractive.com\/index.php\/wp-json\/wp\/v2\/product"}],"about":[{"href":"https:\/\/yumbainteractive.com\/index.php\/wp-json\/wp\/v2\/types\/product"}],"replies":[{"embeddable":true,"href":"https:\/\/yumbainteractive.com\/index.php\/wp-json\/wp\/v2\/comments?post=1397"}],"wp:featuredmedia":[{"embeddable":true,"href":"https:\/\/yumbainteractive.com\/index.php\/wp-json\/wp\/v2\/media\/1701"}],"wp:attachment":[{"href":"https:\/\/yumbainteractive.com\/index.php\/wp-json\/wp\/v2\/media?parent=1397"}],"curies":[{"name":"wp","href":"https:\/\/api.w.org\/{rel}","templated":true}]}}