{"id":1338,"date":"2021-02-19T17:10:43","date_gmt":"2021-02-19T20:10:43","guid":{"rendered":"https:\/\/yumbainteractive.com\/?post_type=product&#038;p=1338"},"modified":"2025-09-23T08:44:04","modified_gmt":"2025-09-23T11:44:04","slug":"polaroid","status":"publish","type":"product","link":"https:\/\/yumbainteractive.com\/index.php\/producto\/polaroid\/","title":{"rendered":"Polaroid"},"content":{"rendered":"<h1>C\u00c1MARAS POLAROID<\/h1>\n<p>Al viejo estilo fotos Polaroid, pero con tecnolog\u00eda actual.<\/p>\n<h5>Si quer\u00e9s que tu evento tenga un toque Vintage, este es tu servicio.<\/h5>\n<p>Fot\u00f3grafos asisten al evento con c\u00e1maras similares a Polaroid pero con tecnolog\u00eda actual y les entregan la foto instantanea como souvenir.<\/p>\n<h3>\u00bfQu\u00e9 incluye el servicio?<\/h3>\n<p>Impresi\u00f3n instant\u00e1nea de cada foto.<br \/>\n2 Fotografos profesionales que asisten al evento.<br \/>\nTama\u00f1o 5\u00d77,6cm<br \/>\n50\/ 80 \/ 100 Fotos incluidas. De acuerdo a tu necesidad.<br \/>\nDise\u00f1o personalizado del marco de la foto.<br \/>\n2hs de servicio.<\/p>\n<h3>Algunas Fotos<\/h3>\n<p>Esperando los Invitados<\/p>\n<p><img decoding=\"async\" class=\"alignnone size-medium wp-image-1348\" src=\"https:\/\/yumbainteractive.com\/wp-content\/uploads\/2021\/02\/IMG-20171207-WA0024-polaroid-300x300.jpg\" alt=\"\" width=\"300\" height=\"300\" srcset=\"https:\/\/yumbainteractive.com\/wp-content\/uploads\/2021\/02\/IMG-20171207-WA0024-polaroid-300x300.jpg 300w, https:\/\/yumbainteractive.com\/wp-content\/uploads\/2021\/02\/IMG-20171207-WA0024-polaroid-150x150.jpg 150w, https:\/\/yumbainteractive.com\/wp-content\/uploads\/2021\/02\/IMG-20171207-WA0024-polaroid-600x600.jpg 600w, https:\/\/yumbainteractive.com\/wp-content\/uploads\/2021\/02\/IMG-20171207-WA0024-polaroid-100x100.jpg 100w, https:\/\/yumbainteractive.com\/wp-content\/uploads\/2021\/02\/IMG-20171207-WA0024-polaroid.jpg 719w\" sizes=\"(max-width: 300px) 100vw, 300px\" \/><\/p>\n<p>Tomando las #FotosInstantaneas<\/p>\n<p><img decoding=\"async\" class=\"alignnone size-medium wp-image-1349\" src=\"https:\/\/yumbainteractive.com\/wp-content\/uploads\/2021\/02\/IMG-20171207-WA0022-cuadrado-300x300.jpg\" alt=\"\" width=\"300\" height=\"300\" srcset=\"https:\/\/yumbainteractive.com\/wp-content\/uploads\/2021\/02\/IMG-20171207-WA0022-cuadrado-300x300.jpg 300w, https:\/\/yumbainteractive.com\/wp-content\/uploads\/2021\/02\/IMG-20171207-WA0022-cuadrado-150x150.jpg 150w, https:\/\/yumbainteractive.com\/wp-content\/uploads\/2021\/02\/IMG-20171207-WA0022-cuadrado-600x599.jpg 600w, https:\/\/yumbainteractive.com\/wp-content\/uploads\/2021\/02\/IMG-20171207-WA0022-cuadrado-100x100.jpg 100w, https:\/\/yumbainteractive.com\/wp-content\/uploads\/2021\/02\/IMG-20171207-WA0022-cuadrado.jpg 719w\" sizes=\"(max-width: 300px) 100vw, 300px\" \/> <img decoding=\"async\" class=\"alignnone size-medium wp-image-1350\" src=\"https:\/\/yumbainteractive.com\/wp-content\/uploads\/2021\/02\/IMG-20171207-WA0027-cuadrada-300x300.jpg\" alt=\"\" width=\"300\" height=\"300\" srcset=\"https:\/\/yumbainteractive.com\/wp-content\/uploads\/2021\/02\/IMG-20171207-WA0027-cuadrada-300x300.jpg 300w, https:\/\/yumbainteractive.com\/wp-content\/uploads\/2021\/02\/IMG-20171207-WA0027-cuadrada-150x150.jpg 150w, https:\/\/yumbainteractive.com\/wp-content\/uploads\/2021\/02\/IMG-20171207-WA0027-cuadrada-600x600.jpg 600w, https:\/\/yumbainteractive.com\/wp-content\/uploads\/2021\/02\/IMG-20171207-WA0027-cuadrada-100x100.jpg 100w, https:\/\/yumbainteractive.com\/wp-content\/uploads\/2021\/02\/IMG-20171207-WA0027-cuadrada.jpg 718w\" sizes=\"(max-width: 300px) 100vw, 300px\" \/><\/p>\n<p>El dise\u00f1o se puede customizar para adecuarlo a tu evento!<\/p>\n<p><img decoding=\"async\" class=\"alignnone size-medium wp-image-1351\" src=\"https:\/\/yumbainteractive.com\/wp-content\/uploads\/2021\/02\/WhatsApp-Image-2020-03-02-at-22.03.15-cuadrado-300x300.jpeg\" alt=\"\" width=\"300\" height=\"300\" srcset=\"https:\/\/yumbainteractive.com\/wp-content\/uploads\/2021\/02\/WhatsApp-Image-2020-03-02-at-22.03.15-cuadrado-300x300.jpeg 300w, https:\/\/yumbainteractive.com\/wp-content\/uploads\/2021\/02\/WhatsApp-Image-2020-03-02-at-22.03.15-cuadrado-150x150.jpeg 150w, https:\/\/yumbainteractive.com\/wp-content\/uploads\/2021\/02\/WhatsApp-Image-2020-03-02-at-22.03.15-cuadrado-600x601.jpeg 600w, https:\/\/yumbainteractive.com\/wp-content\/uploads\/2021\/02\/WhatsApp-Image-2020-03-02-at-22.03.15-cuadrado-100x100.jpeg 100w, https:\/\/yumbainteractive.com\/wp-content\/uploads\/2021\/02\/WhatsApp-Image-2020-03-02-at-22.03.15-cuadrado.jpeg 719w\" sizes=\"(max-width: 300px) 100vw, 300px\" \/><\/p>\n<p>Adicionalmente tenemos buenas ideas para mejorar el servicio:<br \/>\nIMANTAR FOTOS: tenemos la posibilidad de imantarlas.<\/p>\n<p>BITACORA: pegamos las polaroid en una bit\u00e1cora que te quedara de recuerdo, mientras te dejan firmas y mensajes.<\/p>\n","protected":false},"excerpt":{"rendered":"<h5>Si quer\u00e9s que tu evento tenga un toque Vintage, este es tu servicio.<\/h5>\n","protected":false},"featured_media":1366,"comment_status":"closed","ping_status":"closed","template":"","meta":[],"_links":{"self":[{"href":"https:\/\/yumbainteractive.com\/index.php\/wp-json\/wp\/v2\/product\/1338"}],"collection":[{"href":"https:\/\/yumbainteractive.com\/index.php\/wp-json\/wp\/v2\/product"}],"about":[{"href":"https:\/\/yumbainteractive.com\/index.php\/wp-json\/wp\/v2\/types\/product"}],"replies":[{"embeddable":true,"href":"https:\/\/yumbainteractive.com\/index.php\/wp-json\/wp\/v2\/comments?post=1338"}],"wp:featuredmedia":[{"embeddable":true,"href":"https:\/\/yumbainteractive.com\/index.php\/wp-json\/wp\/v2\/media\/1366"}],"wp:attachment":[{"href":"https:\/\/yumbainteractive.com\/index.php\/wp-json\/wp\/v2\/media?parent=1338"}],"curies":[{"name":"wp","href":"https:\/\/api.w.org\/{rel}","templated":true}]}}