{"id":1333,"date":"2021-02-19T10:30:29","date_gmt":"2021-02-19T13:30:29","guid":{"rendered":"https:\/\/yumbainteractive.com\/?post_type=product&#038;p=1333"},"modified":"2023-12-06T11:28:30","modified_gmt":"2023-12-06T14:28:30","slug":"selfieprint","status":"publish","type":"product","link":"https:\/\/yumbainteractive.com\/index.php\/producto\/selfieprint\/","title":{"rendered":"#SelfiePrint"},"content":{"rendered":"<p>En tu evento, suben las fotos a Instagram, con el #hashtag que definas y listo, se llevan las fotos impresas.<\/p>\n<p>\u00bfC\u00f3mo Funciona?<br \/>\n1 &#8211; Los asistentes se toman una Selfie con sus celulares.<br \/>\n<img decoding=\"async\" class=\"alignnone size-medium wp-image-1335\" src=\"https:\/\/yumbainteractive.com\/wp-content\/uploads\/2021\/02\/selfie5-300x200.jpg\" alt=\"\" width=\"300\" height=\"200\" srcset=\"https:\/\/yumbainteractive.com\/wp-content\/uploads\/2021\/02\/selfie5-300x200.jpg 300w, https:\/\/yumbainteractive.com\/wp-content\/uploads\/2021\/02\/selfie5-1024x683.jpg 1024w, https:\/\/yumbainteractive.com\/wp-content\/uploads\/2021\/02\/selfie5-768x512.jpg 768w, https:\/\/yumbainteractive.com\/wp-content\/uploads\/2021\/02\/selfie5-1536x1024.jpg 1536w, https:\/\/yumbainteractive.com\/wp-content\/uploads\/2021\/02\/selfie5-2048x1365.jpg 2048w, https:\/\/yumbainteractive.com\/wp-content\/uploads\/2021\/02\/selfie5-600x400.jpg 600w\" sizes=\"(max-width: 300px) 100vw, 300px\" \/><br \/>\n2 &#8211; La suben <span style=\"font-size: 16px;\">a Instagram y se viraliza tu evento.<\/span><\/p>\n<p><img decoding=\"async\" class=\"alignnone wp-image-1334\" style=\"font-weight: inherit;\" src=\"https:\/\/yumbainteractive.com\/wp-content\/uploads\/2021\/02\/SELFIE10-300x216.jpg\" alt=\"\" width=\"279\" height=\"201\" srcset=\"https:\/\/yumbainteractive.com\/wp-content\/uploads\/2021\/02\/SELFIE10-300x216.jpg 300w, https:\/\/yumbainteractive.com\/wp-content\/uploads\/2021\/02\/SELFIE10-768x552.jpg 768w, https:\/\/yumbainteractive.com\/wp-content\/uploads\/2021\/02\/SELFIE10-600x431.jpg 600w, https:\/\/yumbainteractive.com\/wp-content\/uploads\/2021\/02\/SELFIE10.jpg 800w\" sizes=\"(max-width: 279px) 100vw, 279px\" \/><\/p>\n<p>3 &#8211; La descar<span style=\"font-size: 16px;\">gamos <\/span><span style=\"font-size: 16px;\">con un software, les colocamos un marco personalizado, las imprimimos y las colgamos en un tender para que tus invitados miren las de sus compa\u00f1eros y se la lleven de recuerdo!!!<\/span><\/p>\n<p><img decoding=\"async\" class=\"alignnone size-medium wp-image-1336\" src=\"https:\/\/yumbainteractive.com\/wp-content\/uploads\/2021\/02\/SHP_2971-300x200.jpg\" alt=\"\" width=\"300\" height=\"200\" srcset=\"https:\/\/yumbainteractive.com\/wp-content\/uploads\/2021\/02\/SHP_2971-300x200.jpg 300w, https:\/\/yumbainteractive.com\/wp-content\/uploads\/2021\/02\/SHP_2971-768x512.jpg 768w, https:\/\/yumbainteractive.com\/wp-content\/uploads\/2021\/02\/SHP_2971-600x400.jpg 600w, https:\/\/yumbainteractive.com\/wp-content\/uploads\/2021\/02\/SHP_2971.jpg 1000w\" sizes=\"(max-width: 300px) 100vw, 300px\" \/><\/p>\n<h3>\u00bfQue incluye el servicio?<\/h3>\n<p>\u2013 Selecci\u00f3n de un Hashtag<br \/>\n\u2013 Impresi\u00f3n fotos ilimitadas<br \/>\n\u2013 Dise\u00f1o del marco de las fotos personalizado por nuestro Dise\u00f1ador Gr\u00e1fico.<br \/>\n\u2013 Impresiones en 4\u00d76\u201d<br \/>\n\u2013 1 miembro del sta\ufb00 con un Smartphone que tomar\u00e1 fotos adicionales para las personas que no cuenten con Instagram.<br \/>\n\u2013 Marco para colgar las fotos durante el evento<br \/>\n\u2013 \u00c1lbum en nuestra p\u00e1gina de Facebook<br \/>\n\u2013 Entrega de fotos digitales<\/p>\n<p>&nbsp;<\/p>\n<h3>C\u00f3mo se enteran tus invitados que esta disponible el servicio?<\/h3>\n<p>\u2022 Llevamos un vid\u00e9o para que lo puedas proyectar en la pantalla gigante de tu sal\u00f3n.<br \/>\n\u2022 Llevamos un cartel que informa y describe el funcionamiento del servicio.<br \/>\n\u2022 Habr\u00e1 un asesor nuestro brindando informaci\u00f3n durante el evento.<\/p>\n<p><img decoding=\"async\" class=\"alignnone size-medium wp-image-1342\" style=\"font-weight: inherit;\" src=\"https:\/\/yumbainteractive.com\/wp-content\/uploads\/2021\/02\/SELFIE8-300x169.jpg\" alt=\"\" width=\"300\" height=\"169\" srcset=\"https:\/\/yumbainteractive.com\/wp-content\/uploads\/2021\/02\/SELFIE8-300x169.jpg 300w, https:\/\/yumbainteractive.com\/wp-content\/uploads\/2021\/02\/SELFIE8-1024x576.jpg 1024w, https:\/\/yumbainteractive.com\/wp-content\/uploads\/2021\/02\/SELFIE8-768x432.jpg 768w, https:\/\/yumbainteractive.com\/wp-content\/uploads\/2021\/02\/SELFIE8-600x338.jpg 600w, https:\/\/yumbainteractive.com\/wp-content\/uploads\/2021\/02\/SELFIE8.jpg 1200w\" sizes=\"(max-width: 300px) 100vw, 300px\" \/><\/p>\n","protected":false},"excerpt":{"rendered":"<p>En tu evento, suben las fotos a Instagram, con el #hashtag que definas y listo, se llevan las fotos impresas. \u00bfC\u00f3mo Funciona? 1 &#8211; Los asistentes se toman una Selfie con sus celulares. 2 &#8211; La suben a Instagram y se viraliza tu evento. 3 &#8211; La descargamos con un software, les colocamos un marco &hellip;<\/p>\n<p class=\"read-more\"> <a class=\"\" href=\"https:\/\/yumbainteractive.com\/index.php\/producto\/selfieprint\/\"> <span class=\"screen-reader-text\">#SelfiePrint<\/span> Leer m\u00e1s &raquo;<\/a><\/p>\n","protected":false},"featured_media":1360,"comment_status":"closed","ping_status":"closed","template":"","meta":[],"_links":{"self":[{"href":"https:\/\/yumbainteractive.com\/index.php\/wp-json\/wp\/v2\/product\/1333"}],"collection":[{"href":"https:\/\/yumbainteractive.com\/index.php\/wp-json\/wp\/v2\/product"}],"about":[{"href":"https:\/\/yumbainteractive.com\/index.php\/wp-json\/wp\/v2\/types\/product"}],"replies":[{"embeddable":true,"href":"https:\/\/yumbainteractive.com\/index.php\/wp-json\/wp\/v2\/comments?post=1333"}],"wp:featuredmedia":[{"embeddable":true,"href":"https:\/\/yumbainteractive.com\/index.php\/wp-json\/wp\/v2\/media\/1360"}],"wp:attachment":[{"href":"https:\/\/yumbainteractive.com\/index.php\/wp-json\/wp\/v2\/media?parent=1333"}],"curies":[{"name":"wp","href":"https:\/\/api.w.org\/{rel}","templated":true}]}}