{"id":1308,"date":"2021-02-17T16:16:08","date_gmt":"2021-02-17T19:16:08","guid":{"rendered":"https:\/\/yumbainteractive.com\/?post_type=product&#038;p=1308"},"modified":"2025-06-09T11:25:20","modified_gmt":"2025-06-09T14:25:20","slug":"video-mensajes","status":"publish","type":"product","link":"https:\/\/yumbainteractive.com\/index.php\/producto\/video-mensajes\/","title":{"rendered":"Video Mensajes"},"content":{"rendered":"<h1><img decoding=\"async\" class=\"size-medium wp-image-1314 aligncenter\" src=\"https:\/\/yumbainteractive.com\/wp-content\/uploads\/2021\/02\/SET-DE-FILMACION-Convertido-TRANSPARENTE-300x212.png\" alt=\"\" width=\"300\" height=\"212\" srcset=\"https:\/\/yumbainteractive.com\/wp-content\/uploads\/2021\/02\/SET-DE-FILMACION-Convertido-TRANSPARENTE-300x212.png 300w, https:\/\/yumbainteractive.com\/wp-content\/uploads\/2021\/02\/SET-DE-FILMACION-Convertido-TRANSPARENTE.png 450w\" sizes=\"(max-width: 300px) 100vw, 300px\" \/><\/h1>\n<h1 style=\"text-align: center;\">VIDEO MENSAJES<\/h1>\n<p>&nbsp;<\/p>\n<h6>ARMAMOS UN PEQUE\u00d1O SET DE FILMACI\u00d3N, LLAMAMOS A TUS AMIGOS Y FAMILIARES PARA QUE TE DEJEN MENSAJES. Se edita en vivo, en un video \u00fanico que luego se proyecta en la pantalla grande de la FIESTA.<\/h6>\n<p>&nbsp;<\/p>\n<h2>15 de sol<\/h2>\n<p><iframe src=\"https:\/\/www.youtube.com\/embed\/rB0HntFDUZk\" width=\"560\" height=\"315\" frameborder=\"0\" allowfullscreen=\"allowfullscreen\"><\/iframe><\/p>\n<p>&nbsp;<\/p>\n<h2>Boda de Estefi y Ale<\/h2>\n<p><iframe src=\"https:\/\/www.youtube.com\/embed\/nB5Kn1TFW94\" width=\"560\" height=\"315\" frameborder=\"0\" allowfullscreen=\"allowfullscreen\"><\/iframe><\/p>\n<h2>Cumple de Alex<\/h2>\n<p><iframe src=\"https:\/\/www.youtube.com\/embed\/UcyI35_P5tY\" width=\"560\" height=\"315\" frameborder=\"0\" allowfullscreen=\"allowfullscreen\"><\/iframe><\/p>\n","protected":false},"excerpt":{"rendered":"<p>VIDEO MENSAJES &nbsp; ARMAMOS UN PEQUE\u00d1O SET DE FILMACI\u00d3N, LLAMAMOS A TUS AMIGOS Y FAMILIARES PARA QUE TE DEJEN MENSAJES. Se edita en vivo, en un video \u00fanico que luego se proyecta en la pantalla grande de la FIESTA. &nbsp; 15 de sol &nbsp; Boda de Estefi y Ale Cumple de Alex<\/p>\n","protected":false},"featured_media":1331,"comment_status":"closed","ping_status":"closed","template":"","meta":[],"_links":{"self":[{"href":"https:\/\/yumbainteractive.com\/index.php\/wp-json\/wp\/v2\/product\/1308"}],"collection":[{"href":"https:\/\/yumbainteractive.com\/index.php\/wp-json\/wp\/v2\/product"}],"about":[{"href":"https:\/\/yumbainteractive.com\/index.php\/wp-json\/wp\/v2\/types\/product"}],"replies":[{"embeddable":true,"href":"https:\/\/yumbainteractive.com\/index.php\/wp-json\/wp\/v2\/comments?post=1308"}],"wp:featuredmedia":[{"embeddable":true,"href":"https:\/\/yumbainteractive.com\/index.php\/wp-json\/wp\/v2\/media\/1331"}],"wp:attachment":[{"href":"https:\/\/yumbainteractive.com\/index.php\/wp-json\/wp\/v2\/media?parent=1308"}],"curies":[{"name":"wp","href":"https:\/\/api.w.org\/{rel}","templated":true}]}}