{"id":1302,"date":"2021-02-17T15:52:18","date_gmt":"2021-02-17T18:52:18","guid":{"rendered":"https:\/\/yumbainteractive.com\/?post_type=product&#038;p=1302"},"modified":"2025-09-18T09:49:19","modified_gmt":"2025-09-18T12:49:19","slug":"photo-wall","status":"publish","type":"product","link":"https:\/\/yumbainteractive.com\/index.php\/producto\/photo-wall\/","title":{"rendered":"Mosaic Photo Wall"},"content":{"rendered":"<h6>Este servicio incluye un T\u00f3tem Fotogr\u00e1fico con Pantalla T\u00e1ctil + la generaci\u00f3n del Mosaic Photowall.<\/h6>\n<h6><\/h6>\n<p><img decoding=\"async\" class=\"aligncenter wp-image-2570\" src=\"https:\/\/yumbainteractive.com\/wp-content\/uploads\/2021\/02\/IMG_20221102_134704515-771x1024.jpg\" alt=\"\" width=\"227\" height=\"302\" srcset=\"https:\/\/yumbainteractive.com\/wp-content\/uploads\/2021\/02\/IMG_20221102_134704515-771x1024.jpg 771w, https:\/\/yumbainteractive.com\/wp-content\/uploads\/2021\/02\/IMG_20221102_134704515-226x300.jpg 226w, https:\/\/yumbainteractive.com\/wp-content\/uploads\/2021\/02\/IMG_20221102_134704515-768x1020.jpg 768w, https:\/\/yumbainteractive.com\/wp-content\/uploads\/2021\/02\/IMG_20221102_134704515-1157x1536.jpg 1157w, https:\/\/yumbainteractive.com\/wp-content\/uploads\/2021\/02\/IMG_20221102_134704515-1542x2048.jpg 1542w, https:\/\/yumbainteractive.com\/wp-content\/uploads\/2021\/02\/IMG_20221102_134704515-600x797.jpg 600w, https:\/\/yumbainteractive.com\/wp-content\/uploads\/2021\/02\/IMG_20221102_134704515-scaled.jpg 1928w\" sizes=\"(max-width: 227px) 100vw, 227px\" \/><\/p>\n<h3>COMO FUNCIONA<\/h3>\n<h6>PASO 1: Hacer la mejor pose y tomarse una foto en nuestro t\u00f3tem<\/h6>\n<h6>PASO 2: Se generan 2 impresiones, una se se llevar\u00e1 el invitado y una que deber\u00e1 colocarse en el photowall.<br \/>\nPASO 3: Los invitados colocan las fotos en el Mosaic Photowall hasta que se completa y queda de recuerdo.<\/h6>\n<h6>Photo Mosaic Wall crea mosaicos f\u00edsicos a partir de fotos de eventos en vivo en tiempo real. Las fotos se obtienen autom\u00e1ticamente desde nuestra cabina de fotos o t\u00f3tem que estar\u00e1 en el lugar.<\/h6>\n<p>&nbsp;<\/p>\n<h1 style=\"text-align: center;\">MOSAIC PHOTO WALL<\/h1>\n<p style=\"font-size: 16px; font-style: normal; font-weight: 400;\"><img decoding=\"async\" class=\" wp-image-1863 aligncenter\" src=\"https:\/\/yumbainteractive.com\/wp-content\/uploads\/2021\/02\/IMG_20211113_225612741-576x1024.jpg\" alt=\"\" width=\"454\" height=\"807\" srcset=\"https:\/\/yumbainteractive.com\/wp-content\/uploads\/2021\/02\/IMG_20211113_225612741-576x1024.jpg 576w, https:\/\/yumbainteractive.com\/wp-content\/uploads\/2021\/02\/IMG_20211113_225612741-169x300.jpg 169w, https:\/\/yumbainteractive.com\/wp-content\/uploads\/2021\/02\/IMG_20211113_225612741-768x1365.jpg 768w, https:\/\/yumbainteractive.com\/wp-content\/uploads\/2021\/02\/IMG_20211113_225612741-864x1536.jpg 864w, https:\/\/yumbainteractive.com\/wp-content\/uploads\/2021\/02\/IMG_20211113_225612741-1152x2048.jpg 1152w, https:\/\/yumbainteractive.com\/wp-content\/uploads\/2021\/02\/IMG_20211113_225612741-600x1067.jpg 600w, https:\/\/yumbainteractive.com\/wp-content\/uploads\/2021\/02\/IMG_20211113_225612741-scaled.jpg 1440w\" sizes=\"(max-width: 454px) 100vw, 454px\" \/><\/p>\n<p>&nbsp;<\/p>\n<p>Tenemos este nuevo servicio para disfrutar en tu evento o promover tu marca. De cerca, se ven fotos individuales; m\u00e1s atr\u00e1s, se revela el mosaico.<\/p>\n<p>&nbsp;<\/p>\n<p><strong><span style=\"color: #0000ff;\">El mural de fotos hace que cuando miren el panorama general se pueda ver una foto formada por todas las fotos mas peque\u00f1as.<\/span> Photo Mosaic Wall<\/strong> crea un mural f\u00edsico a partir de fotos de eventos en vivo en tiempo real.<\/p>\n<p>Las fotos se obtienen desde una cabina de fotos. En otro formato se pueden obtener de un fotografo nuestro profesional.<\/p>\n<p><strong>Nuestro Mosaic Photo Wall<\/strong> imprime autom\u00e1ticamente las fotos con alta calidad de impresi\u00f3n y colores n\u00edtidos, para que los invitados disfruten cuando se llevan tu souvenir. Los invitados pueden participar en la experiencia interactiva colocando la impresi\u00f3n correspondiente en el mural, con un n\u00famero de FILA y un n\u00famero de COLUMNA.<\/p>\n<p>El resultado final: un hermoso mosaico de fotos del evento. \u00a1Haga que todos formen parte de una gran foto, en eventos o en la oficina con el logo de su marca!<\/p>\n<div id='gallery-1' class='gallery galleryid-1302 gallery-columns-3 gallery-size-thumbnail'><figure class='gallery-item'>\n\t\t\t<div class='gallery-icon landscape'>\n\t\t\t\t<a href='https:\/\/yumbainteractive.com\/?attachment_id=1831'><img width=\"150\" height=\"150\" src=\"https:\/\/yumbainteractive.com\/wp-content\/uploads\/2021\/02\/Foto-2-150x150.jpg\" class=\"attachment-thumbnail size-thumbnail\" alt=\"\" decoding=\"async\" srcset=\"https:\/\/yumbainteractive.com\/wp-content\/uploads\/2021\/02\/Foto-2-150x150.jpg 150w, https:\/\/yumbainteractive.com\/wp-content\/uploads\/2021\/02\/Foto-2-300x300.jpg 300w, https:\/\/yumbainteractive.com\/wp-content\/uploads\/2021\/02\/Foto-2-1024x1024.jpg 1024w, https:\/\/yumbainteractive.com\/wp-content\/uploads\/2021\/02\/Foto-2-768x768.jpg 768w, https:\/\/yumbainteractive.com\/wp-content\/uploads\/2021\/02\/Foto-2-1536x1536.jpg 1536w, https:\/\/yumbainteractive.com\/wp-content\/uploads\/2021\/02\/Foto-2-2048x2048.jpg 2048w, https:\/\/yumbainteractive.com\/wp-content\/uploads\/2021\/02\/Foto-2-600x600.jpg 600w, https:\/\/yumbainteractive.com\/wp-content\/uploads\/2021\/02\/Foto-2-100x100.jpg 100w\" sizes=\"(max-width: 150px) 100vw, 150px\" \/><\/a>\n\t\t\t<\/div><\/figure><figure class='gallery-item'>\n\t\t\t<div class='gallery-icon landscape'>\n\t\t\t\t<a href='https:\/\/yumbainteractive.com\/?attachment_id=1832'><img width=\"150\" height=\"150\" src=\"https:\/\/yumbainteractive.com\/wp-content\/uploads\/2021\/02\/Foto-3-150x150.jpg\" class=\"attachment-thumbnail size-thumbnail\" alt=\"\" decoding=\"async\" srcset=\"https:\/\/yumbainteractive.com\/wp-content\/uploads\/2021\/02\/Foto-3-150x150.jpg 150w, https:\/\/yumbainteractive.com\/wp-content\/uploads\/2021\/02\/Foto-3-300x300.jpg 300w, https:\/\/yumbainteractive.com\/wp-content\/uploads\/2021\/02\/Foto-3-1024x1024.jpg 1024w, https:\/\/yumbainteractive.com\/wp-content\/uploads\/2021\/02\/Foto-3-768x768.jpg 768w, https:\/\/yumbainteractive.com\/wp-content\/uploads\/2021\/02\/Foto-3-1536x1536.jpg 1536w, https:\/\/yumbainteractive.com\/wp-content\/uploads\/2021\/02\/Foto-3-2048x2048.jpg 2048w, https:\/\/yumbainteractive.com\/wp-content\/uploads\/2021\/02\/Foto-3-600x600.jpg 600w, https:\/\/yumbainteractive.com\/wp-content\/uploads\/2021\/02\/Foto-3-100x100.jpg 100w\" sizes=\"(max-width: 150px) 100vw, 150px\" \/><\/a>\n\t\t\t<\/div><\/figure><figure class='gallery-item'>\n\t\t\t<div class='gallery-icon landscape'>\n\t\t\t\t<a href='https:\/\/yumbainteractive.com\/?attachment_id=1833'><img width=\"150\" height=\"150\" src=\"https:\/\/yumbainteractive.com\/wp-content\/uploads\/2021\/02\/Foto-6-150x150.jpg\" class=\"attachment-thumbnail size-thumbnail\" alt=\"\" decoding=\"async\" srcset=\"https:\/\/yumbainteractive.com\/wp-content\/uploads\/2021\/02\/Foto-6-150x150.jpg 150w, https:\/\/yumbainteractive.com\/wp-content\/uploads\/2021\/02\/Foto-6-300x300.jpg 300w, https:\/\/yumbainteractive.com\/wp-content\/uploads\/2021\/02\/Foto-6-1024x1024.jpg 1024w, https:\/\/yumbainteractive.com\/wp-content\/uploads\/2021\/02\/Foto-6-768x768.jpg 768w, https:\/\/yumbainteractive.com\/wp-content\/uploads\/2021\/02\/Foto-6-1536x1536.jpg 1536w, https:\/\/yumbainteractive.com\/wp-content\/uploads\/2021\/02\/Foto-6-2048x2048.jpg 2048w, https:\/\/yumbainteractive.com\/wp-content\/uploads\/2021\/02\/Foto-6-600x600.jpg 600w, https:\/\/yumbainteractive.com\/wp-content\/uploads\/2021\/02\/Foto-6-100x100.jpg 100w\" sizes=\"(max-width: 150px) 100vw, 150px\" \/><\/a>\n\t\t\t<\/div><\/figure><figure class='gallery-item'>\n\t\t\t<div class='gallery-icon landscape'>\n\t\t\t\t<a href='https:\/\/yumbainteractive.com\/?attachment_id=1834'><img width=\"150\" height=\"150\" src=\"https:\/\/yumbainteractive.com\/wp-content\/uploads\/2021\/02\/Foto-8-150x150.jpg\" class=\"attachment-thumbnail size-thumbnail\" alt=\"\" decoding=\"async\" srcset=\"https:\/\/yumbainteractive.com\/wp-content\/uploads\/2021\/02\/Foto-8-150x150.jpg 150w, https:\/\/yumbainteractive.com\/wp-content\/uploads\/2021\/02\/Foto-8-300x300.jpg 300w, https:\/\/yumbainteractive.com\/wp-content\/uploads\/2021\/02\/Foto-8-1024x1024.jpg 1024w, https:\/\/yumbainteractive.com\/wp-content\/uploads\/2021\/02\/Foto-8-768x768.jpg 768w, https:\/\/yumbainteractive.com\/wp-content\/uploads\/2021\/02\/Foto-8-1536x1536.jpg 1536w, https:\/\/yumbainteractive.com\/wp-content\/uploads\/2021\/02\/Foto-8-2048x2048.jpg 2048w, https:\/\/yumbainteractive.com\/wp-content\/uploads\/2021\/02\/Foto-8-600x600.jpg 600w, https:\/\/yumbainteractive.com\/wp-content\/uploads\/2021\/02\/Foto-8-100x100.jpg 100w\" sizes=\"(max-width: 150px) 100vw, 150px\" \/><\/a>\n\t\t\t<\/div><\/figure><figure class='gallery-item'>\n\t\t\t<div class='gallery-icon landscape'>\n\t\t\t\t<a href='https:\/\/yumbainteractive.com\/?attachment_id=1835'><img width=\"150\" height=\"150\" src=\"https:\/\/yumbainteractive.com\/wp-content\/uploads\/2021\/02\/Foto-9-150x150.jpg\" class=\"attachment-thumbnail size-thumbnail\" alt=\"\" decoding=\"async\" srcset=\"https:\/\/yumbainteractive.com\/wp-content\/uploads\/2021\/02\/Foto-9-150x150.jpg 150w, https:\/\/yumbainteractive.com\/wp-content\/uploads\/2021\/02\/Foto-9-300x300.jpg 300w, https:\/\/yumbainteractive.com\/wp-content\/uploads\/2021\/02\/Foto-9-1024x1024.jpg 1024w, https:\/\/yumbainteractive.com\/wp-content\/uploads\/2021\/02\/Foto-9-768x768.jpg 768w, https:\/\/yumbainteractive.com\/wp-content\/uploads\/2021\/02\/Foto-9-1536x1536.jpg 1536w, https:\/\/yumbainteractive.com\/wp-content\/uploads\/2021\/02\/Foto-9-2048x2048.jpg 2048w, https:\/\/yumbainteractive.com\/wp-content\/uploads\/2021\/02\/Foto-9-600x600.jpg 600w, https:\/\/yumbainteractive.com\/wp-content\/uploads\/2021\/02\/Foto-9-100x100.jpg 100w\" sizes=\"(max-width: 150px) 100vw, 150px\" \/><\/a>\n\t\t\t<\/div><\/figure><figure class='gallery-item'>\n\t\t\t<div class='gallery-icon landscape'>\n\t\t\t\t<a href='https:\/\/yumbainteractive.com\/?attachment_id=1836'><img width=\"150\" height=\"150\" src=\"https:\/\/yumbainteractive.com\/wp-content\/uploads\/2021\/02\/Foto-15-150x150.jpg\" class=\"attachment-thumbnail size-thumbnail\" alt=\"\" decoding=\"async\" srcset=\"https:\/\/yumbainteractive.com\/wp-content\/uploads\/2021\/02\/Foto-15-150x150.jpg 150w, https:\/\/yumbainteractive.com\/wp-content\/uploads\/2021\/02\/Foto-15-300x300.jpg 300w, https:\/\/yumbainteractive.com\/wp-content\/uploads\/2021\/02\/Foto-15-100x100.jpg 100w\" sizes=\"(max-width: 150px) 100vw, 150px\" \/><\/a>\n\t\t\t<\/div><\/figure><figure class='gallery-item'>\n\t\t\t<div class='gallery-icon landscape'>\n\t\t\t\t<a href='https:\/\/yumbainteractive.com\/?attachment_id=1837'><img width=\"150\" height=\"150\" src=\"https:\/\/yumbainteractive.com\/wp-content\/uploads\/2021\/02\/Foto-21-150x150.jpg\" class=\"attachment-thumbnail size-thumbnail\" alt=\"\" decoding=\"async\" srcset=\"https:\/\/yumbainteractive.com\/wp-content\/uploads\/2021\/02\/Foto-21-150x150.jpg 150w, https:\/\/yumbainteractive.com\/wp-content\/uploads\/2021\/02\/Foto-21-300x300.jpg 300w, https:\/\/yumbainteractive.com\/wp-content\/uploads\/2021\/02\/Foto-21-1024x1024.jpg 1024w, https:\/\/yumbainteractive.com\/wp-content\/uploads\/2021\/02\/Foto-21-768x768.jpg 768w, https:\/\/yumbainteractive.com\/wp-content\/uploads\/2021\/02\/Foto-21-1536x1536.jpg 1536w, https:\/\/yumbainteractive.com\/wp-content\/uploads\/2021\/02\/Foto-21-2048x2048.jpg 2048w, https:\/\/yumbainteractive.com\/wp-content\/uploads\/2021\/02\/Foto-21-600x600.jpg 600w, https:\/\/yumbainteractive.com\/wp-content\/uploads\/2021\/02\/Foto-21-100x100.jpg 100w\" sizes=\"(max-width: 150px) 100vw, 150px\" \/><\/a>\n\t\t\t<\/div><\/figure><figure class='gallery-item'>\n\t\t\t<div class='gallery-icon landscape'>\n\t\t\t\t<a href='https:\/\/yumbainteractive.com\/?attachment_id=1895'><img width=\"150\" height=\"150\" src=\"https:\/\/yumbainteractive.com\/wp-content\/uploads\/2021\/02\/IMG_5673-150x150.jpg\" class=\"attachment-thumbnail size-thumbnail\" alt=\"\" decoding=\"async\" srcset=\"https:\/\/yumbainteractive.com\/wp-content\/uploads\/2021\/02\/IMG_5673-150x150.jpg 150w, https:\/\/yumbainteractive.com\/wp-content\/uploads\/2021\/02\/IMG_5673-300x300.jpg 300w, https:\/\/yumbainteractive.com\/wp-content\/uploads\/2021\/02\/IMG_5673-100x100.jpg 100w\" sizes=\"(max-width: 150px) 100vw, 150px\" \/><\/a>\n\t\t\t<\/div><\/figure><figure class='gallery-item'>\n\t\t\t<div class='gallery-icon landscape'>\n\t\t\t\t<a href='https:\/\/yumbainteractive.com\/?attachment_id=1897'><img width=\"150\" height=\"150\" src=\"https:\/\/yumbainteractive.com\/wp-content\/uploads\/2021\/02\/IMG_5667-150x150.jpg\" class=\"attachment-thumbnail size-thumbnail\" alt=\"\" decoding=\"async\" srcset=\"https:\/\/yumbainteractive.com\/wp-content\/uploads\/2021\/02\/IMG_5667-150x150.jpg 150w, https:\/\/yumbainteractive.com\/wp-content\/uploads\/2021\/02\/IMG_5667-300x300.jpg 300w, https:\/\/yumbainteractive.com\/wp-content\/uploads\/2021\/02\/IMG_5667-100x100.jpg 100w\" sizes=\"(max-width: 150px) 100vw, 150px\" \/><\/a>\n\t\t\t<\/div><\/figure><figure class='gallery-item'>\n\t\t\t<div class='gallery-icon portrait'>\n\t\t\t\t<a href='https:\/\/yumbainteractive.com\/?attachment_id=1896'><img width=\"150\" height=\"150\" src=\"https:\/\/yumbainteractive.com\/wp-content\/uploads\/2021\/02\/IMG_20211225_004202710-150x150.jpg\" class=\"attachment-thumbnail size-thumbnail\" alt=\"\" decoding=\"async\" srcset=\"https:\/\/yumbainteractive.com\/wp-content\/uploads\/2021\/02\/IMG_20211225_004202710-150x150.jpg 150w, https:\/\/yumbainteractive.com\/wp-content\/uploads\/2021\/02\/IMG_20211225_004202710-300x300.jpg 300w, https:\/\/yumbainteractive.com\/wp-content\/uploads\/2021\/02\/IMG_20211225_004202710-100x100.jpg 100w\" sizes=\"(max-width: 150px) 100vw, 150px\" \/><\/a>\n\t\t\t<\/div><\/figure>\n\t\t<\/div>\n\n<p>&nbsp;<\/p>\n<p>Que incluye el servicio?<\/p>\n<ul>\n<li>Servicio por 2hs o hasta completar el mural.<\/li>\n<li>Mural f\u00edsico con 64,72 o 81 fotos en tama\u00f1o 10*15<\/li>\n<li>Dise\u00f1o personalizado en la foto que se entrega de souvenir a los invitados.<\/li>\n<li>Copia de las fotos digitales.<\/li>\n<li>Puede o no incluir Cotill\u00f3n.<\/li>\n<li>El t\u00f3tem incluye pantalla t\u00e1ctil e impresiones de alta calidad.<\/li>\n<li>Personal de Yumba Interactive, un asistente y un t\u00e9cnico.<\/li>\n<\/ul>\n<p>&nbsp;<\/p>\n<p><iframe src=\"https:\/\/www.youtube.com\/embed\/r4HudL8MAFw\" width=\"560\" height=\"315\" frameborder=\"0\" allowfullscreen=\"allowfullscreen\"><\/iframe><\/p>\n","protected":false},"excerpt":{"rendered":"<h6>Photo Mosaic Wall crea un mural f\u00edsico a partir de fotos de eventos en vivo en tiempo real. Las fotos se obtienen autom\u00e1ticamente de nuestra cabina de fotos, T\u00f3tem o Fot\u00f3grafo. Y adem\u00e1s se entrega una foto de souvenir para cada invitado.<\/h6>\n","protected":false},"featured_media":1329,"comment_status":"closed","ping_status":"closed","template":"","meta":[],"_links":{"self":[{"href":"https:\/\/yumbainteractive.com\/index.php\/wp-json\/wp\/v2\/product\/1302"}],"collection":[{"href":"https:\/\/yumbainteractive.com\/index.php\/wp-json\/wp\/v2\/product"}],"about":[{"href":"https:\/\/yumbainteractive.com\/index.php\/wp-json\/wp\/v2\/types\/product"}],"replies":[{"embeddable":true,"href":"https:\/\/yumbainteractive.com\/index.php\/wp-json\/wp\/v2\/comments?post=1302"}],"wp:featuredmedia":[{"embeddable":true,"href":"https:\/\/yumbainteractive.com\/index.php\/wp-json\/wp\/v2\/media\/1329"}],"wp:attachment":[{"href":"https:\/\/yumbainteractive.com\/index.php\/wp-json\/wp\/v2\/media?parent=1302"}],"curies":[{"name":"wp","href":"https:\/\/api.w.org\/{rel}","templated":true}]}}