{"id":1240,"date":"2021-02-04T18:36:37","date_gmt":"2021-02-04T21:36:37","guid":{"rendered":"https:\/\/yumbainteractive.com\/?post_type=product&#038;p=1240"},"modified":"2022-01-09T11:24:45","modified_gmt":"2022-01-09T14:24:45","slug":"cabina-espejo-magico","status":"publish","type":"product","link":"https:\/\/yumbainteractive.com\/index.php\/producto\/cabina-espejo-magico\/","title":{"rendered":"Espejo M\u00e1gico"},"content":{"rendered":"<h3 style=\"text-align: center;\"><span style=\"color: #800080;\">Espejo M\u00e1gico<\/span><\/h3>\n<h6 style=\"text-align: center;\">\u00danico de 55 pulgadas y pantalla t\u00e1ctil<\/h6>\n<p>&nbsp;<\/p>\n<p>Es una cabina que se adapta a todo tipo de eventos. Se caracteriza porque los invitados se ven reflejados en la misma. Tiene una pantalla t\u00e1ctil que permitir\u00e1 a los invitados firmar la foto. Tambi\u00e9n pueden agregar caritas. Quedan encantados cuando ven impresa su foto y sus dibujos en la impresi\u00f3n.<\/p>\n<div id='gallery-1' class='gallery galleryid-1240 gallery-columns-4 gallery-size-thumbnail'><figure class='gallery-item'>\n\t\t\t<div class='gallery-icon landscape'>\n\t\t\t\t<a href='https:\/\/yumbainteractive.com\/?attachment_id=1439'><img width=\"150\" height=\"150\" src=\"https:\/\/yumbainteractive.com\/wp-content\/uploads\/2021\/02\/IMG_4443-2-1-150x150.jpg\" class=\"attachment-thumbnail size-thumbnail\" alt=\"\" decoding=\"async\" srcset=\"https:\/\/yumbainteractive.com\/wp-content\/uploads\/2021\/02\/IMG_4443-2-1-150x150.jpg 150w, https:\/\/yumbainteractive.com\/wp-content\/uploads\/2021\/02\/IMG_4443-2-1-300x300.jpg 300w, https:\/\/yumbainteractive.com\/wp-content\/uploads\/2021\/02\/IMG_4443-2-1.jpg 1024w, https:\/\/yumbainteractive.com\/wp-content\/uploads\/2021\/02\/IMG_4443-2-1-768x768.jpg 768w, https:\/\/yumbainteractive.com\/wp-content\/uploads\/2021\/02\/IMG_4443-2-1-600x600.jpg 600w, https:\/\/yumbainteractive.com\/wp-content\/uploads\/2021\/02\/IMG_4443-2-1-100x100.jpg 100w\" sizes=\"(max-width: 150px) 100vw, 150px\" \/><\/a>\n\t\t\t<\/div><\/figure><figure class='gallery-item'>\n\t\t\t<div class='gallery-icon landscape'>\n\t\t\t\t<a href='https:\/\/yumbainteractive.com\/?attachment_id=1471'><img width=\"150\" height=\"150\" src=\"https:\/\/yumbainteractive.com\/wp-content\/uploads\/2021\/02\/Producto-11-150x150.jpg\" class=\"attachment-thumbnail size-thumbnail\" alt=\"\" decoding=\"async\" srcset=\"https:\/\/yumbainteractive.com\/wp-content\/uploads\/2021\/02\/Producto-11-150x150.jpg 150w, https:\/\/yumbainteractive.com\/wp-content\/uploads\/2021\/02\/Producto-11-300x300.jpg 300w, https:\/\/yumbainteractive.com\/wp-content\/uploads\/2021\/02\/Producto-11-1024x1024.jpg 1024w, https:\/\/yumbainteractive.com\/wp-content\/uploads\/2021\/02\/Producto-11-768x768.jpg 768w, https:\/\/yumbainteractive.com\/wp-content\/uploads\/2021\/02\/Producto-11-1536x1536.jpg 1536w, https:\/\/yumbainteractive.com\/wp-content\/uploads\/2021\/02\/Producto-11.jpg 2048w, https:\/\/yumbainteractive.com\/wp-content\/uploads\/2021\/02\/Producto-11-600x600.jpg 600w, https:\/\/yumbainteractive.com\/wp-content\/uploads\/2021\/02\/Producto-11-100x100.jpg 100w\" sizes=\"(max-width: 150px) 100vw, 150px\" \/><\/a>\n\t\t\t<\/div><\/figure><figure class='gallery-item'>\n\t\t\t<div class='gallery-icon landscape'>\n\t\t\t\t<a href='https:\/\/yumbainteractive.com\/?attachment_id=1419'><img width=\"150\" height=\"150\" src=\"https:\/\/yumbainteractive.com\/wp-content\/uploads\/2021\/02\/IMG_4437-2-150x150.jpg\" class=\"attachment-thumbnail size-thumbnail\" alt=\"\" decoding=\"async\" srcset=\"https:\/\/yumbainteractive.com\/wp-content\/uploads\/2021\/02\/IMG_4437-2-150x150.jpg 150w, https:\/\/yumbainteractive.com\/wp-content\/uploads\/2021\/02\/IMG_4437-2-300x300.jpg 300w, https:\/\/yumbainteractive.com\/wp-content\/uploads\/2021\/02\/IMG_4437-2-1024x1024.jpg 1024w, https:\/\/yumbainteractive.com\/wp-content\/uploads\/2021\/02\/IMG_4437-2-768x768.jpg 768w, https:\/\/yumbainteractive.com\/wp-content\/uploads\/2021\/02\/IMG_4437-2-1536x1536.jpg 1536w, https:\/\/yumbainteractive.com\/wp-content\/uploads\/2021\/02\/IMG_4437-2-2048x2048.jpg 2048w, https:\/\/yumbainteractive.com\/wp-content\/uploads\/2021\/02\/IMG_4437-2-600x600.jpg 600w, https:\/\/yumbainteractive.com\/wp-content\/uploads\/2021\/02\/IMG_4437-2-100x100.jpg 100w\" sizes=\"(max-width: 150px) 100vw, 150px\" \/><\/a>\n\t\t\t<\/div><\/figure><figure class='gallery-item'>\n\t\t\t<div class='gallery-icon landscape'>\n\t\t\t\t<a href='https:\/\/yumbainteractive.com\/?attachment_id=1420'><img width=\"150\" height=\"150\" src=\"https:\/\/yumbainteractive.com\/wp-content\/uploads\/2021\/02\/IMG_4447-2-150x150.jpg\" class=\"attachment-thumbnail size-thumbnail\" alt=\"\" decoding=\"async\" srcset=\"https:\/\/yumbainteractive.com\/wp-content\/uploads\/2021\/02\/IMG_4447-2-150x150.jpg 150w, https:\/\/yumbainteractive.com\/wp-content\/uploads\/2021\/02\/IMG_4447-2-300x300.jpg 300w, https:\/\/yumbainteractive.com\/wp-content\/uploads\/2021\/02\/IMG_4447-2-1024x1024.jpg 1024w, https:\/\/yumbainteractive.com\/wp-content\/uploads\/2021\/02\/IMG_4447-2-768x768.jpg 768w, https:\/\/yumbainteractive.com\/wp-content\/uploads\/2021\/02\/IMG_4447-2-1536x1536.jpg 1536w, https:\/\/yumbainteractive.com\/wp-content\/uploads\/2021\/02\/IMG_4447-2-2048x2048.jpg 2048w, https:\/\/yumbainteractive.com\/wp-content\/uploads\/2021\/02\/IMG_4447-2-600x600.jpg 600w, https:\/\/yumbainteractive.com\/wp-content\/uploads\/2021\/02\/IMG_4447-2-100x100.jpg 100w\" sizes=\"(max-width: 150px) 100vw, 150px\" \/><\/a>\n\t\t\t<\/div><\/figure>\n\t\t<\/div>\n\n<p>Funciones:<\/p>\n<ul>\n<li>Romper el hielo<\/li>\n<li>Diversi\u00f3n para los invitados.<\/li>\n<li>Un souvenir, para ti y para tus invitados. Memorando el gran evento<\/li>\n<\/ul>\n<p>&nbsp;<\/p>\n<h6 style=\"text-align: left;\">Pantalla t\u00e1ctil para firmar las fotos<\/h6>\n<p>&nbsp;<\/p>\n<p><iframe title=\"YouTube video player\" src=\"https:\/\/www.youtube.com\/embed\/RqHfmqcI5Bo\" width=\"560\" height=\"315\" frameborder=\"0\" allowfullscreen=\"allowfullscreen\"><\/iframe><\/p>\n<p>&nbsp;<\/p>\n<h6>Como funciona:<\/h6>\n<p>1. Tom\u00e1s un accesorio, que pueden ser sombreros, pelucas, etc..<\/p>\n<p>2. Tocas la pantalla t\u00e1ctil para iniciar<br \/>\n3. La m\u00e1quina te toma 3 o 4 fotos, en intervalos de x segundos, d\u00e1ndote tiempo para tomar otro accesorio y preparar una nueva sonrisa y una nueva pose.<\/p>\n<p>4. Firmas la foto y le colocas emoticones.<br \/>\n5. Luego que salgas\u00a0 en pocos segundos, te podes divertir viendo como saliste en la foto.<\/p>\n<div id='gallery-2' class='gallery galleryid-1240 gallery-columns-3 gallery-size-thumbnail'><figure class='gallery-item'>\n\t\t\t<div class='gallery-icon landscape'>\n\t\t\t\t<a href='https:\/\/yumbainteractive.com\/?attachment_id=1503'><img width=\"150\" height=\"150\" src=\"https:\/\/yumbainteractive.com\/wp-content\/uploads\/2021\/02\/WhatsApp-Image-2021-05-22-at-4.58.52-PM-150x150.jpeg\" class=\"attachment-thumbnail size-thumbnail\" alt=\"\" decoding=\"async\" srcset=\"https:\/\/yumbainteractive.com\/wp-content\/uploads\/2021\/02\/WhatsApp-Image-2021-05-22-at-4.58.52-PM-150x150.jpeg 150w, https:\/\/yumbainteractive.com\/wp-content\/uploads\/2021\/02\/WhatsApp-Image-2021-05-22-at-4.58.52-PM-300x300.jpeg 300w, https:\/\/yumbainteractive.com\/wp-content\/uploads\/2021\/02\/WhatsApp-Image-2021-05-22-at-4.58.52-PM-1024x1024.jpeg 1024w, https:\/\/yumbainteractive.com\/wp-content\/uploads\/2021\/02\/WhatsApp-Image-2021-05-22-at-4.58.52-PM-768x768.jpeg 768w, https:\/\/yumbainteractive.com\/wp-content\/uploads\/2021\/02\/WhatsApp-Image-2021-05-22-at-4.58.52-PM-600x600.jpeg 600w, https:\/\/yumbainteractive.com\/wp-content\/uploads\/2021\/02\/WhatsApp-Image-2021-05-22-at-4.58.52-PM-100x100.jpeg 100w, https:\/\/yumbainteractive.com\/wp-content\/uploads\/2021\/02\/WhatsApp-Image-2021-05-22-at-4.58.52-PM.jpeg 1280w\" sizes=\"(max-width: 150px) 100vw, 150px\" \/><\/a>\n\t\t\t<\/div><\/figure><figure class='gallery-item'>\n\t\t\t<div class='gallery-icon landscape'>\n\t\t\t\t<a href='https:\/\/yumbainteractive.com\/?attachment_id=1504'><img width=\"150\" height=\"150\" src=\"https:\/\/yumbainteractive.com\/wp-content\/uploads\/2021\/02\/WhatsApp-Image-2021-05-22-at-4.59.12-PM-150x150.jpeg\" class=\"attachment-thumbnail size-thumbnail\" alt=\"\" decoding=\"async\" srcset=\"https:\/\/yumbainteractive.com\/wp-content\/uploads\/2021\/02\/WhatsApp-Image-2021-05-22-at-4.59.12-PM-150x150.jpeg 150w, https:\/\/yumbainteractive.com\/wp-content\/uploads\/2021\/02\/WhatsApp-Image-2021-05-22-at-4.59.12-PM-300x300.jpeg 300w, https:\/\/yumbainteractive.com\/wp-content\/uploads\/2021\/02\/WhatsApp-Image-2021-05-22-at-4.59.12-PM-1024x1024.jpeg 1024w, https:\/\/yumbainteractive.com\/wp-content\/uploads\/2021\/02\/WhatsApp-Image-2021-05-22-at-4.59.12-PM-768x768.jpeg 768w, https:\/\/yumbainteractive.com\/wp-content\/uploads\/2021\/02\/WhatsApp-Image-2021-05-22-at-4.59.12-PM-600x600.jpeg 600w, https:\/\/yumbainteractive.com\/wp-content\/uploads\/2021\/02\/WhatsApp-Image-2021-05-22-at-4.59.12-PM-100x100.jpeg 100w, https:\/\/yumbainteractive.com\/wp-content\/uploads\/2021\/02\/WhatsApp-Image-2021-05-22-at-4.59.12-PM.jpeg 1280w\" sizes=\"(max-width: 150px) 100vw, 150px\" \/><\/a>\n\t\t\t<\/div><\/figure><figure class='gallery-item'>\n\t\t\t<div class='gallery-icon landscape'>\n\t\t\t\t<a href='https:\/\/yumbainteractive.com\/?attachment_id=1505'><img width=\"150\" height=\"150\" src=\"https:\/\/yumbainteractive.com\/wp-content\/uploads\/2021\/02\/WhatsApp-Image-2021-05-22-at-4.59.30-PM-150x150.jpeg\" class=\"attachment-thumbnail size-thumbnail\" alt=\"\" decoding=\"async\" srcset=\"https:\/\/yumbainteractive.com\/wp-content\/uploads\/2021\/02\/WhatsApp-Image-2021-05-22-at-4.59.30-PM-150x150.jpeg 150w, https:\/\/yumbainteractive.com\/wp-content\/uploads\/2021\/02\/WhatsApp-Image-2021-05-22-at-4.59.30-PM-300x300.jpeg 300w, https:\/\/yumbainteractive.com\/wp-content\/uploads\/2021\/02\/WhatsApp-Image-2021-05-22-at-4.59.30-PM-1024x1024.jpeg 1024w, https:\/\/yumbainteractive.com\/wp-content\/uploads\/2021\/02\/WhatsApp-Image-2021-05-22-at-4.59.30-PM-768x768.jpeg 768w, https:\/\/yumbainteractive.com\/wp-content\/uploads\/2021\/02\/WhatsApp-Image-2021-05-22-at-4.59.30-PM-600x600.jpeg 600w, https:\/\/yumbainteractive.com\/wp-content\/uploads\/2021\/02\/WhatsApp-Image-2021-05-22-at-4.59.30-PM-100x100.jpeg 100w, https:\/\/yumbainteractive.com\/wp-content\/uploads\/2021\/02\/WhatsApp-Image-2021-05-22-at-4.59.30-PM.jpeg 1280w\" sizes=\"(max-width: 150px) 100vw, 150px\" \/><\/a>\n\t\t\t<\/div><\/figure>\n\t\t<\/div>\n\n<h6>\u00bfC\u00f3mo es el servicio de Yumba Interactive?<\/h6>\n<h6><\/h6>\n<h6>La cabina la puedes contratar por un tiempo determinado. Durante ese tiempo que suelen ser 2 o 3 horas, la cabina estar\u00e1 en funcionamiento de forma autom\u00e1tica y los invitados la podr\u00e1n utilizar. Imprimiendo de forma ilimitada sus fotos.<\/h6>\n<p>A la cabina la acompa\u00f1a un asistente y un t\u00e9cnico, el asistente se encarga de ayudar al os invitados y el t\u00e9cnico en revisar que el servicio se preste de forma ininterrumpida.<\/p>\n<p>Los tama\u00f1os de las fotos son variados, pero en el top 10 encabeza la cl\u00e1sica tirita de 3 fotos, (2 tiras de 5*15).<\/p>\n<p>En el dise\u00f1o se pueden incluir logos, gr\u00e1ficos o textos en las fotos, para que la tira fotogr\u00e1fica de tu evento quede totalmente personalizada.<\/p>\n<p>El precio de la cabina var\u00eda seg\u00fan las horas que contrates, pero siempre que nos contrates el servicio incluir\u00e1:<\/p>\n<p>\u2022 Toma de fotos e Impresi\u00f3n sin l\u00edmites en el evento (seg\u00fan la duraci\u00f3n del paquete)<br \/>\n\u2022 Impresi\u00f3n de calidad fotograf\u00eda. Simil Kodak.<br \/>\n\u2022 Tira fotogr\u00e1fica personalizada. El dise\u00f1o lo hace nuestra dise\u00f1adora gr\u00e1fica en conjunto con vos.<br \/>\n\u2022 Fotos Color \/ Blanco y Negro \/ Sepia<br \/>\n\u2022 C\u00e1mara SLR Profesional de 18 megap\u00edxeles con flash<br \/>\n\u2022 Fondo Green Screen que te permite colocar el fondo que quieras en tus fotos<br \/>\n\u2022 Caja de accesorios: cotill\u00f3n, carteles, etc.<br \/>\n\u2022 Env\u00edo de las fotos digitalizadas, para que las puedas ver cuando quieras.<br \/>\n\u2022 Transportaci\u00f3n y montaje.<br \/>\n\u2022 Personal de Yumba Interactive para asistir a los invitados.<\/p>\n<p>\u00bfQu\u00e9 hace que tengamos tantas reservas?<\/p>\n<p>-Calidad de la tira 100% fotogr\u00e1fica: una tira que no todos tienen, de la mejor calidad que se puede conseguir. Nos reunimos exclusivamente para mostrarte esto.<\/p>\n<p>-C\u00e1mara de 18mpx profesional: no utilizamos una web cam, tenemos una c\u00e1mara con su propio flash (Canon T5i), nada produce mejor resultado.<\/p>\n<p>&#8211; Est\u00e9tica: nuestras cabinas tienen un dise\u00f1o \u00fanico, que se concibieron para estar en los mas bellos salones de la ciudad.<\/p>\n<p>&#8211; Protocolos COVID-19 te cuidamos y cuidamos a tus invitados.<br \/>\n-Pantalla LED TOUCH.<\/p>\n","protected":false},"excerpt":{"rendered":"<p>Espejo M\u00e1gico \u00danico de 55 pulgadas y pantalla t\u00e1ctil &nbsp; Es una cabina que se adapta a todo tipo de eventos. Se caracteriza porque los invitados se ven reflejados en la misma. Tiene una pantalla t\u00e1ctil que permitir\u00e1 a los invitados firmar la foto. Tambi\u00e9n pueden agregar caritas. Quedan encantados cuando ven impresa su foto &hellip;<\/p>\n<p class=\"read-more\"> <a class=\"\" href=\"https:\/\/yumbainteractive.com\/index.php\/producto\/cabina-espejo-magico\/\"> <span class=\"screen-reader-text\">Espejo M\u00e1gico<\/span> Leer m\u00e1s &raquo;<\/a><\/p>\n","protected":false},"featured_media":1369,"comment_status":"closed","ping_status":"closed","template":"","meta":[],"_links":{"self":[{"href":"https:\/\/yumbainteractive.com\/index.php\/wp-json\/wp\/v2\/product\/1240"}],"collection":[{"href":"https:\/\/yumbainteractive.com\/index.php\/wp-json\/wp\/v2\/product"}],"about":[{"href":"https:\/\/yumbainteractive.com\/index.php\/wp-json\/wp\/v2\/types\/product"}],"replies":[{"embeddable":true,"href":"https:\/\/yumbainteractive.com\/index.php\/wp-json\/wp\/v2\/comments?post=1240"}],"wp:featuredmedia":[{"embeddable":true,"href":"https:\/\/yumbainteractive.com\/index.php\/wp-json\/wp\/v2\/media\/1369"}],"wp:attachment":[{"href":"https:\/\/yumbainteractive.com\/index.php\/wp-json\/wp\/v2\/media?parent=1240"}],"curies":[{"name":"wp","href":"https:\/\/api.w.org\/{rel}","templated":true}]}}