{"id":1234,"date":"2021-02-04T18:30:09","date_gmt":"2021-02-04T21:30:09","guid":{"rendered":"https:\/\/yumbainteractive.com\/?post_type=product&#038;p=1234"},"modified":"2022-01-09T10:31:41","modified_gmt":"2022-01-09T13:31:41","slug":"cabina-colores","status":"publish","type":"product","link":"https:\/\/yumbainteractive.com\/index.php\/producto\/cabina-colores\/","title":{"rendered":"Cabinas de Fotos"},"content":{"rendered":"<h1>Tenemos diferentes estructuras para que elijas.<\/h1>\n<p>&nbsp;<\/p>\n<h2 style=\"text-align: center;\">1 &#8211; Cabina Inflable<\/h2>\n<h2><img decoding=\"async\" class=\"size-medium wp-image-1227 aligncenter\" style=\"border-radius: 15%;\" src=\"https:\/\/yumbainteractive.com\/wp-content\/uploads\/2021\/02\/cabina-fotografica-franchini-285084-i-640w-300x300.jpg\" alt=\"\" width=\"300\" height=\"300\" srcset=\"https:\/\/yumbainteractive.com\/wp-content\/uploads\/2021\/02\/cabina-fotografica-franchini-285084-i-640w-300x300.jpg 300w, https:\/\/yumbainteractive.com\/wp-content\/uploads\/2021\/02\/cabina-fotografica-franchini-285084-i-640w-150x150.jpg 150w, https:\/\/yumbainteractive.com\/wp-content\/uploads\/2021\/02\/cabina-fotografica-franchini-285084-i-640w-600x600.jpg 600w, https:\/\/yumbainteractive.com\/wp-content\/uploads\/2021\/02\/cabina-fotografica-franchini-285084-i-640w-100x100.jpg 100w, https:\/\/yumbainteractive.com\/wp-content\/uploads\/2021\/02\/cabina-fotografica-franchini-285084-i-640w.jpg 640w\" sizes=\"(max-width: 300px) 100vw, 300px\" \/><\/h2>\n<p>&nbsp;<\/p>\n<h2 style=\"text-align: center;\">2 &#8211; Cabina con cortina<\/h2>\n<h4 style=\"text-align: center;\">Tres estilos de cabinas dependiendo de la decoraci\u00f3n de tu sal\u00f3n.<\/h4>\n<p>&nbsp;<\/p>\n<p><img decoding=\"async\" class=\"size-medium wp-image-1295 aligncenter\" style=\"border-radius: 15%;\" src=\"https:\/\/yumbainteractive.com\/wp-content\/uploads\/2021\/02\/Lit-Photo-booth-291x300.jpg\" alt=\"\" width=\"291\" height=\"300\" srcset=\"https:\/\/yumbainteractive.com\/wp-content\/uploads\/2021\/02\/Lit-Photo-booth-291x300.jpg 291w, https:\/\/yumbainteractive.com\/wp-content\/uploads\/2021\/02\/Lit-Photo-booth-992x1024.jpg 992w, https:\/\/yumbainteractive.com\/wp-content\/uploads\/2021\/02\/Lit-Photo-booth-768x793.jpg 768w, https:\/\/yumbainteractive.com\/wp-content\/uploads\/2021\/02\/Lit-Photo-booth-600x620.jpg 600w, https:\/\/yumbainteractive.com\/wp-content\/uploads\/2021\/02\/Lit-Photo-booth.jpg 1046w\" sizes=\"(max-width: 291px) 100vw, 291px\" \/><\/p>\n<h6>Es una cabina que se adapta a todo tipo de eventos. Se caracteriza porque tenemos diferentes colores que pueden combinar con la decoraci\u00f3n de tu sal\u00f3n.<\/h6>\n<p>&nbsp;<\/p>\n<p><strong>Colores disponibles:<\/strong><\/p>\n<ul>\n<li>Multicolor<\/li>\n<li>Negra<\/li>\n<li>Blanca<\/li>\n<\/ul>\n<p>&nbsp;<\/p>\n<h3>Funciones:<\/h3>\n<ul>\n<li>Romper el hielo<\/li>\n<li>Diversi\u00f3n para los invitados.<\/li>\n<li>Un souvenir, para ti y para tus invitados. Memorando el gran evento<\/li>\n<\/ul>\n<h3>Cualquiera puede utilizarla, como funciona:<\/h3>\n<p>1. Tom\u00e1s un accesorio, que pueden ser sombreros, pelucas, etc..<\/p>\n<p>2. Entr\u00e1s a nuestra hermosa cabina inflable con Leds<br \/>\n3. La m\u00e1quina te toma 3 o 4 fotos, en intervalos de x segundos, d\u00e1ndote tiempo para tomar otro accesorio y preparar una nueva sonrisa y una nueva pose.<br \/>\n4. Luego que salgas\u00a0 en 25 segundos, te podes divertir viendo como saliste en la foto.<\/p>\n<h3><\/h3>\n<h3>\u00bfC\u00f3mo es el servicio de Yumba Interactive?<\/h3>\n<p>La cabina la puedes contratar por un tiempo determinado. Durante ese tiempo que suelen ser 2 o 3 horas, la cabina estar\u00e1 en funcionamiento de forma autom\u00e1tica y los invitados la podr\u00e1n utilizar. Imprimiendo de forma ilimitada sus fotos.<\/p>\n<p>&nbsp;<\/p>\n<p>A la cabina la acompa\u00f1a un asistente y un t\u00e9cnico, el asistente se encarga de ayudar al os invitados y el t\u00e9cnico en revisar que el servicio se preste de forma ininterrumpida.<\/p>\n<p>Los tama\u00f1os de las fotos son variados, pero en el top 10 encabeza la cl\u00e1sica tirita de 3 fotos, (2 tiras de 5*15).<\/p>\n<p>En el dise\u00f1o se pueden incluir logos, gr\u00e1ficos o textos en las fotos, para que la tira fotogr\u00e1fica de tu evento quede totalmente personalizada.<\/p>\n<h3>El servicio incluir\u00e1:<\/h3>\n<p style=\"padding-left: 40px;\">\u2022 Toma de fotos e Impresi\u00f3n sin l\u00edmites en el evento (seg\u00fan la duraci\u00f3n del paquete)<br \/>\n\u2022 Impresi\u00f3n de calidad fotograf\u00eda. Simil Kodak.<br \/>\n\u2022 Tira fotogr\u00e1fica personalizada. El dise\u00f1o lo hace nuestra dise\u00f1adora gr\u00e1fica en conjunto con vos.<br \/>\n\u2022 Fotos Color \/ Blanco y Negro \/ Sepia<br \/>\n\u2022 C\u00e1mara SLR Profesional de 18 megap\u00edxeles con flash<br \/>\n\u2022 Fondo Green Screen que te permite colocar el fondo que quieras en tus fotos<br \/>\n\u2022 Caja de accesorios: cotill\u00f3n, carteles, etc.<br \/>\n\u2022 Env\u00edo de las fotos digitalizadas, para que las puedas ver cuando quieras.<br \/>\n\u2022 Transportaci\u00f3n y montaje.<br \/>\n\u2022 Personal de Yumba Interactive para asistir a los invitados.<\/p>\n<h3>\u00bfQu\u00e9 hace que tengamos tantas reservas?<\/h3>\n<p>-Calidad de la tira 100% fotogr\u00e1fica: una tira que no todos tienen, de la mejor calidad que se puede conseguir. Nos reunimos exclusivamente para mostrarte esto.<\/p>\n<p>-C\u00e1mara de 18mpx profesional: no utilizamos una web cam, tenemos una c\u00e1mara con su propio flash (Canon T5i), nada produce mejor resultado.<\/p>\n<p>&#8211; Est\u00e9tica: nuestras cabinas tienen un dise\u00f1o \u00fanico, que se concibieron para estar en los mas bellos salones de la ciudad.<\/p>\n<p>&#8211; Protocolos COVID-19 te cuidamos y cuidamos a tus invitados.<br \/>\n-Pantalla T\u00e1ctil.<\/p>\n<p>&nbsp;<\/p>\n<p>El precio de la cabina var\u00eda seg\u00fan las horas que contrates.<\/p>\n","protected":false},"excerpt":{"rendered":"<p>Tenemos diferentes estructuras para que elijas. &nbsp; 1 &#8211; Cabina Inflable &nbsp; 2 &#8211; Cabina con cortina Tres estilos de cabinas dependiendo de la decoraci\u00f3n de tu sal\u00f3n. &nbsp; Es una cabina que se adapta a todo tipo de eventos. Se caracteriza porque tenemos diferentes colores que pueden combinar con la decoraci\u00f3n de tu sal\u00f3n. &hellip;<\/p>\n<p class=\"read-more\"> <a class=\"\" href=\"https:\/\/yumbainteractive.com\/index.php\/producto\/cabina-colores\/\"> <span class=\"screen-reader-text\">Cabinas de Fotos<\/span> Leer m\u00e1s &raquo;<\/a><\/p>\n","protected":false},"featured_media":1359,"comment_status":"closed","ping_status":"closed","template":"","meta":[],"_links":{"self":[{"href":"https:\/\/yumbainteractive.com\/index.php\/wp-json\/wp\/v2\/product\/1234"}],"collection":[{"href":"https:\/\/yumbainteractive.com\/index.php\/wp-json\/wp\/v2\/product"}],"about":[{"href":"https:\/\/yumbainteractive.com\/index.php\/wp-json\/wp\/v2\/types\/product"}],"replies":[{"embeddable":true,"href":"https:\/\/yumbainteractive.com\/index.php\/wp-json\/wp\/v2\/comments?post=1234"}],"wp:featuredmedia":[{"embeddable":true,"href":"https:\/\/yumbainteractive.com\/index.php\/wp-json\/wp\/v2\/media\/1359"}],"wp:attachment":[{"href":"https:\/\/yumbainteractive.com\/index.php\/wp-json\/wp\/v2\/media?parent=1234"}],"curies":[{"name":"wp","href":"https:\/\/api.w.org\/{rel}","templated":true}]}}