{"id":3859,"date":"2025-09-16T14:09:02","date_gmt":"2025-09-16T17:09:02","guid":{"rendered":"https:\/\/yumbainteractive.com\/?page_id=3859"},"modified":"2025-09-16T14:42:31","modified_gmt":"2025-09-16T17:42:31","slug":"busqueda-de-personal","status":"publish","type":"page","link":"https:\/\/yumbainteractive.com\/index.php\/busqueda-de-personal\/","title":{"rendered":"Busqueda de personal"},"content":{"rendered":"\t\t<div data-elementor-type=\"wp-page\" data-elementor-id=\"3859\" class=\"elementor elementor-3859\" data-elementor-settings=\"[]\">\n\t\t\t\t\t\t<div class=\"elementor-inner\">\n\t\t\t\t\t\t\t<div class=\"elementor-section-wrap\">\n\t\t\t\t\t\t\t<section class=\"elementor-section elementor-top-section elementor-element elementor-element-d1b772d elementor-section-boxed elementor-section-height-default elementor-section-height-default\" data-id=\"d1b772d\" data-element_type=\"section\">\n\t\t\t\t\t\t<div class=\"elementor-container elementor-column-gap-default\">\n\t\t\t\t\t\t\t<div class=\"elementor-row\">\n\t\t\t\t\t<div class=\"elementor-column elementor-col-100 elementor-top-column elementor-element elementor-element-5fd0bec\" data-id=\"5fd0bec\" data-element_type=\"column\">\n\t\t\t<div class=\"elementor-column-wrap elementor-element-populated\">\n\t\t\t\t\t\t\t<div class=\"elementor-widget-wrap\">\n\t\t\t\t\t\t<div class=\"elementor-element elementor-element-46967d9 elementor-widget elementor-widget-heading\" data-id=\"46967d9\" data-element_type=\"widget\" data-widget_type=\"heading.default\">\n\t\t\t\t<div class=\"elementor-widget-container\">\n\t\t\t<h2 class=\"elementor-heading-title elementor-size-default\">Puesto: Administraci\u00f3n y producci\u00f3n de servicios.<\/h2>\t\t<\/div>\n\t\t\t\t<\/div>\n\t\t\t\t\t\t<\/div>\n\t\t\t\t\t<\/div>\n\t\t<\/div>\n\t\t\t\t\t\t\t\t<\/div>\n\t\t\t\t\t<\/div>\n\t\t<\/section>\n\t\t\t\t<section class=\"elementor-section elementor-top-section elementor-element elementor-element-3757045 elementor-section-boxed elementor-section-height-default elementor-section-height-default\" data-id=\"3757045\" data-element_type=\"section\">\n\t\t\t\t\t\t<div class=\"elementor-container elementor-column-gap-default\">\n\t\t\t\t\t\t\t<div class=\"elementor-row\">\n\t\t\t\t\t<div class=\"elementor-column elementor-col-100 elementor-top-column elementor-element elementor-element-3fb8149\" data-id=\"3fb8149\" data-element_type=\"column\">\n\t\t\t<div class=\"elementor-column-wrap elementor-element-populated\">\n\t\t\t\t\t\t\t<div class=\"elementor-widget-wrap\">\n\t\t\t\t\t\t<div class=\"elementor-element elementor-element-0e9b260 elementor-widget elementor-widget-text-editor\" data-id=\"0e9b260\" data-element_type=\"widget\" data-widget_type=\"text-editor.default\">\n\t\t\t\t<div class=\"elementor-widget-container\">\n\t\t\t\t\t<div class=\"elementor-text-editor elementor-clearfix\"><p>Se busca persona que viva en C\u00f3rdoba Capital, sociable, puntual y respetuosa.\u00a0<\/p><p>Tareas:<br \/>\u00a0Facturar<\/p><p>Sacar seguros Online.<\/p><p>Trasladar equipos a eventos y armar.<br \/>Configurar computadoras con los servicios que ofrecemos.<\/p><p>Ir a bodas y cumplea\u00f1os, a prestar los servicios que ofrecemos.<br \/>Realizar piezas de dise\u00f1o gr\u00e1fico.<\/p><p>Requisitos:<br \/>Saber conducir:<br \/>Edad: 20 a 40 a\u00f1os<\/p><p>No tener impedimentos f\u00edsicos para levantar cosas que pueden parecer pesadas como impresoras.<br \/>Tener disponibilidad para trabajar fines de semana.\u00a0<\/p><p>Conocimientos de dise\u00f1o gr\u00e1fico.<br \/>Dominio de herramientas inform\u00e1ticas.<\/p><\/div>\n\t\t\t\t<\/div>\n\t\t\t\t<\/div>\n\t\t\t\t\t\t<\/div>\n\t\t\t\t\t<\/div>\n\t\t<\/div>\n\t\t\t\t\t\t\t\t<\/div>\n\t\t\t\t\t<\/div>\n\t\t<\/section>\n\t\t\t\t<section class=\"elementor-section elementor-top-section elementor-element elementor-element-6bf5562 elementor-section-boxed elementor-section-height-default elementor-section-height-default\" data-id=\"6bf5562\" data-element_type=\"section\">\n\t\t\t\t\t\t<div class=\"elementor-container elementor-column-gap-default\">\n\t\t\t\t\t\t\t<div class=\"elementor-row\">\n\t\t\t\t\t<div class=\"elementor-column elementor-col-100 elementor-top-column elementor-element elementor-element-74ad31d\" data-id=\"74ad31d\" data-element_type=\"column\">\n\t\t\t<div class=\"elementor-column-wrap elementor-element-populated\">\n\t\t\t\t\t\t\t<div class=\"elementor-widget-wrap\">\n\t\t\t\t\t\t<div class=\"elementor-element elementor-element-84ace93 elementor-widget elementor-widget-html\" data-id=\"84ace93\" data-element_type=\"widget\" data-widget_type=\"html.default\">\n\t\t\t\t<div class=\"elementor-widget-container\">\n\t\t\t<iframe src=\"https:\/\/docs.google.com\/forms\/d\/e\/1FAIpQLSfRJ44HFSAxS0rTtbDcOsAjhmP6gZNlddE62nVTGIQZo9l8oQ\/viewform?embedded=true\" width=\"640\" height=\"1766\" frameborder=\"0\" marginheight=\"0\" marginwidth=\"0\">Cargando\u2026<\/iframe>\t\t<\/div>\n\t\t\t\t<\/div>\n\t\t\t\t\t\t<\/div>\n\t\t\t\t\t<\/div>\n\t\t<\/div>\n\t\t\t\t\t\t\t\t<\/div>\n\t\t\t\t\t<\/div>\n\t\t<\/section>\n\t\t\t\t\t\t<\/div>\n\t\t\t\t\t\t<\/div>\n\t\t\t\t\t<\/div>\n\t\t","protected":false},"excerpt":{"rendered":"<p>Puesto: Administraci\u00f3n y producci\u00f3n de servicios. Se busca persona que viva en C\u00f3rdoba Capital, sociable, puntual y respetuosa.\u00a0 Tareas:\u00a0Facturar Sacar seguros Online. Trasladar equipos a eventos y armar.Configurar computadoras con los servicios que ofrecemos. Ir a bodas y cumplea\u00f1os, a prestar los servicios que ofrecemos.Realizar piezas de dise\u00f1o gr\u00e1fico. Requisitos:Saber conducir:Edad: 20 a 40 a\u00f1os &hellip;<\/p>\n<p class=\"read-more\"> <a class=\"\" href=\"https:\/\/yumbainteractive.com\/index.php\/busqueda-de-personal\/\"> <span class=\"screen-reader-text\">Busqueda de personal<\/span> Leer m\u00e1s &raquo;<\/a><\/p>\n","protected":false},"author":1,"featured_media":0,"parent":0,"menu_order":0,"comment_status":"closed","ping_status":"closed","template":"","meta":[],"_links":{"self":[{"href":"https:\/\/yumbainteractive.com\/index.php\/wp-json\/wp\/v2\/pages\/3859"}],"collection":[{"href":"https:\/\/yumbainteractive.com\/index.php\/wp-json\/wp\/v2\/pages"}],"about":[{"href":"https:\/\/yumbainteractive.com\/index.php\/wp-json\/wp\/v2\/types\/page"}],"author":[{"embeddable":true,"href":"https:\/\/yumbainteractive.com\/index.php\/wp-json\/wp\/v2\/users\/1"}],"replies":[{"embeddable":true,"href":"https:\/\/yumbainteractive.com\/index.php\/wp-json\/wp\/v2\/comments?post=3859"}],"version-history":[{"count":7,"href":"https:\/\/yumbainteractive.com\/index.php\/wp-json\/wp\/v2\/pages\/3859\/revisions"}],"predecessor-version":[{"id":3867,"href":"https:\/\/yumbainteractive.com\/index.php\/wp-json\/wp\/v2\/pages\/3859\/revisions\/3867"}],"wp:attachment":[{"href":"https:\/\/yumbainteractive.com\/index.php\/wp-json\/wp\/v2\/media?parent=3859"}],"curies":[{"name":"wp","href":"https:\/\/api.w.org\/{rel}","templated":true}]}}