{"id":2107,"date":"2023-02-26T00:05:13","date_gmt":"2023-02-26T03:05:13","guid":{"rendered":"https:\/\/yumbainteractive.com\/?page_id=2107"},"modified":"2024-12-17T17:33:18","modified_gmt":"2024-12-17T20:33:18","slug":"seleccion-de-videos","status":"publish","type":"page","link":"https:\/\/yumbainteractive.com\/index.php\/seleccion-de-videos\/","title":{"rendered":"Selecci\u00f3n de Videos"},"content":{"rendered":"\t\t<div data-elementor-type=\"wp-page\" data-elementor-id=\"2107\" class=\"elementor elementor-2107\" data-elementor-settings=\"[]\">\n\t\t\t\t\t\t<div class=\"elementor-inner\">\n\t\t\t\t\t\t\t<div class=\"elementor-section-wrap\">\n\t\t\t\t\t\t\t<section class=\"elementor-section elementor-top-section elementor-element elementor-element-2fa73ea elementor-section-content-middle elementor-section-height-min-height elementor-section-boxed elementor-section-height-default elementor-section-items-middle\" data-id=\"2fa73ea\" data-element_type=\"section\" data-settings=\"{&quot;background_background&quot;:&quot;classic&quot;}\">\n\t\t\t\t\t\t\t<div class=\"elementor-background-overlay\"><\/div>\n\t\t\t\t\t\t\t<div class=\"elementor-container elementor-column-gap-no\">\n\t\t\t\t\t\t\t<div class=\"elementor-row\">\n\t\t\t\t\t<div class=\"elementor-column elementor-col-100 elementor-top-column elementor-element elementor-element-2fbf7d05\" data-id=\"2fbf7d05\" data-element_type=\"column\">\n\t\t\t<div class=\"elementor-column-wrap elementor-element-populated\">\n\t\t\t\t\t\t\t<div class=\"elementor-widget-wrap\">\n\t\t\t\t\t\t<div class=\"elementor-element elementor-element-501ea0c9 elementor-invisible elementor-widget elementor-widget-heading\" data-id=\"501ea0c9\" data-element_type=\"widget\" data-settings=\"{&quot;_animation&quot;:&quot;fadeIn&quot;}\" data-widget_type=\"heading.default\">\n\t\t\t\t<div class=\"elementor-widget-container\">\n\t\t\t<h1 class=\"elementor-heading-title elementor-size-default\">Selecci\u00f3n de Videos<\/h1>\t\t<\/div>\n\t\t\t\t<\/div>\n\t\t\t\t<div class=\"elementor-element elementor-element-211be51f elementor-invisible elementor-widget elementor-widget-text-editor\" data-id=\"211be51f\" data-element_type=\"widget\" data-settings=\"{&quot;_animation&quot;:&quot;fadeIn&quot;,&quot;_animation_delay&quot;:300}\" data-widget_type=\"text-editor.default\">\n\t\t\t\t<div class=\"elementor-widget-container\">\n\t\t\t\t\t<div class=\"elementor-text-editor elementor-clearfix\"><p>Tenemos miles de videos hermosos, porque cada evento es especial. Aqu\u00ed seleccionamos algunos de los mejores recuerdos.\u00a0<\/p><\/div>\n\t\t\t\t<\/div>\n\t\t\t\t<\/div>\n\t\t\t\t<section class=\"elementor-section elementor-inner-section elementor-element elementor-element-efa6ec5 elementor-section-boxed elementor-section-height-default elementor-section-height-default\" data-id=\"efa6ec5\" data-element_type=\"section\">\n\t\t\t\t\t\t<div class=\"elementor-container elementor-column-gap-default\">\n\t\t\t\t\t\t\t<div class=\"elementor-row\">\n\t\t\t\t\t<div class=\"elementor-column elementor-col-33 elementor-inner-column elementor-element elementor-element-560f954\" data-id=\"560f954\" data-element_type=\"column\">\n\t\t\t<div class=\"elementor-column-wrap elementor-element-populated\">\n\t\t\t\t\t\t\t<div class=\"elementor-widget-wrap\">\n\t\t\t\t\t\t<div class=\"elementor-element elementor-element-0df881e elementor-align-center elementor-widget elementor-widget-button\" data-id=\"0df881e\" data-element_type=\"widget\" data-widget_type=\"button.default\">\n\t\t\t\t<div class=\"elementor-widget-container\">\n\t\t\t\t\t<div class=\"elementor-button-wrapper\">\n\t\t\t<a href=\"#bodas\" class=\"elementor-button-link elementor-button elementor-size-sm\" role=\"button\">\n\t\t\t\t\t\t<span class=\"elementor-button-content-wrapper\">\n\t\t\t\t\t\t<span class=\"elementor-button-text\">Bodas<\/span>\n\t\t<\/span>\n\t\t\t\t\t<\/a>\n\t\t<\/div>\n\t\t\t\t<\/div>\n\t\t\t\t<\/div>\n\t\t\t\t\t\t<\/div>\n\t\t\t\t\t<\/div>\n\t\t<\/div>\n\t\t\t\t<div class=\"elementor-column elementor-col-33 elementor-inner-column elementor-element elementor-element-f4fe735\" data-id=\"f4fe735\" data-element_type=\"column\">\n\t\t\t<div class=\"elementor-column-wrap elementor-element-populated\">\n\t\t\t\t\t\t\t<div class=\"elementor-widget-wrap\">\n\t\t\t\t\t\t<div class=\"elementor-element elementor-element-a268b48 elementor-align-center elementor-widget elementor-widget-button\" data-id=\"a268b48\" data-element_type=\"widget\" data-widget_type=\"button.default\">\n\t\t\t\t<div class=\"elementor-widget-container\">\n\t\t\t\t\t<div class=\"elementor-button-wrapper\">\n\t\t\t<a href=\"#cumple\" class=\"elementor-button-link elementor-button elementor-size-sm\" role=\"button\">\n\t\t\t\t\t\t<span class=\"elementor-button-content-wrapper\">\n\t\t\t\t\t\t<span class=\"elementor-button-text\">Cumplea\u00f1os<\/span>\n\t\t<\/span>\n\t\t\t\t\t<\/a>\n\t\t<\/div>\n\t\t\t\t<\/div>\n\t\t\t\t<\/div>\n\t\t\t\t\t\t<\/div>\n\t\t\t\t\t<\/div>\n\t\t<\/div>\n\t\t\t\t<div class=\"elementor-column elementor-col-33 elementor-inner-column elementor-element elementor-element-0a20b76\" data-id=\"0a20b76\" data-element_type=\"column\">\n\t\t\t<div class=\"elementor-column-wrap elementor-element-populated\">\n\t\t\t\t\t\t\t<div class=\"elementor-widget-wrap\">\n\t\t\t\t\t\t<div class=\"elementor-element elementor-element-55ef220 elementor-align-center elementor-widget elementor-widget-button\" data-id=\"55ef220\" data-element_type=\"widget\" data-widget_type=\"button.default\">\n\t\t\t\t<div class=\"elementor-widget-container\">\n\t\t\t\t\t<div class=\"elementor-button-wrapper\">\n\t\t\t<a href=\"#empresa\" class=\"elementor-button-link elementor-button elementor-size-sm\" role=\"button\">\n\t\t\t\t\t\t<span class=\"elementor-button-content-wrapper\">\n\t\t\t\t\t\t<span class=\"elementor-button-text\">Empresariales<\/span>\n\t\t<\/span>\n\t\t\t\t\t<\/a>\n\t\t<\/div>\n\t\t\t\t<\/div>\n\t\t\t\t<\/div>\n\t\t\t\t\t\t<\/div>\n\t\t\t\t\t<\/div>\n\t\t<\/div>\n\t\t\t\t\t\t\t\t<\/div>\n\t\t\t\t\t<\/div>\n\t\t<\/section>\n\t\t\t\t\t\t<\/div>\n\t\t\t\t\t<\/div>\n\t\t<\/div>\n\t\t\t\t\t\t\t\t<\/div>\n\t\t\t\t\t<\/div>\n\t\t<\/section>\n\t\t\t\t<section class=\"elementor-section elementor-top-section elementor-element elementor-element-23f172e5 elementor-section-boxed elementor-section-height-default elementor-section-height-default\" data-id=\"23f172e5\" data-element_type=\"section\" data-settings=\"{&quot;background_background&quot;:&quot;gradient&quot;}\">\n\t\t\t\t\t\t<div class=\"elementor-container elementor-column-gap-no\">\n\t\t\t\t\t\t\t<div class=\"elementor-row\">\n\t\t\t\t\t<div class=\"elementor-column elementor-col-100 elementor-top-column elementor-element elementor-element-6ca3d879\" data-id=\"6ca3d879\" data-element_type=\"column\" id=\"bodas\">\n\t\t\t<div class=\"elementor-column-wrap elementor-element-populated\">\n\t\t\t\t\t\t\t<div class=\"elementor-widget-wrap\">\n\t\t\t\t\t\t<section class=\"elementor-section elementor-inner-section elementor-element elementor-element-6967ca61 elementor-section-boxed elementor-section-height-default elementor-section-height-default\" data-id=\"6967ca61\" data-element_type=\"section\">\n\t\t\t\t\t\t<div class=\"elementor-container elementor-column-gap-default\">\n\t\t\t\t\t\t\t<div class=\"elementor-row\">\n\t\t\t\t\t<div class=\"elementor-column elementor-col-50 elementor-inner-column elementor-element elementor-element-1c61c4c1\" data-id=\"1c61c4c1\" data-element_type=\"column\" id=\"bodas\" data-settings=\"{&quot;background_background&quot;:&quot;classic&quot;}\">\n\t\t\t<div class=\"elementor-column-wrap elementor-element-populated\">\n\t\t\t\t\t<div class=\"elementor-background-overlay\"><\/div>\n\t\t\t\t\t\t\t<div class=\"elementor-widget-wrap\">\n\t\t\t\t\t\t<div class=\"elementor-element elementor-element-10dd548 elementor-widget elementor-widget-heading\" data-id=\"10dd548\" data-element_type=\"widget\" data-widget_type=\"heading.default\">\n\t\t\t\t<div class=\"elementor-widget-container\">\n\t\t\t<h2 class=\"elementor-heading-title elementor-size-default\">Bodas<\/h2>\t\t<\/div>\n\t\t\t\t<\/div>\n\t\t\t\t<div class=\"elementor-element elementor-element-2426b72d elementor-widget elementor-widget-text-editor\" data-id=\"2426b72d\" data-element_type=\"widget\" data-widget_type=\"text-editor.default\">\n\t\t\t\t<div class=\"elementor-widget-container\">\n\t\t\t\t\t<div class=\"elementor-text-editor elementor-clearfix\"><p>El sello es el amor&#8230; nada mas importa para darle un giro 360 a nuestra vida. Nada importa si es con vos.<\/p><\/div>\n\t\t\t\t<\/div>\n\t\t\t\t<\/div>\n\t\t\t\t<div class=\"elementor-element elementor-element-982f950 elementor-widget elementor-widget-html\" data-id=\"982f950\" data-element_type=\"widget\" data-widget_type=\"html.default\">\n\t\t\t\t<div class=\"elementor-widget-container\">\n\t\t\t<iframe src=\"https:\/\/drive.google.com\/file\/d\/1a132gJ3w27-vNdguG2MYQNsFJ5Wp1zlS\/preview\" width=\"640\" height=\"480\" allow=\"autoplay\"><\/iframe>\t\t<\/div>\n\t\t\t\t<\/div>\n\t\t\t\t<div class=\"elementor-element elementor-element-3e05d5a elementor-widget elementor-widget-html\" data-id=\"3e05d5a\" data-element_type=\"widget\" data-widget_type=\"html.default\">\n\t\t\t\t<div class=\"elementor-widget-container\">\n\t\t\t<iframe src=\"https:\/\/drive.google.com\/file\/d\/10zCzu4MijpusrD1IKfYzwpsVAxRSmJox\/preview\" width=\"640\" height=\"480\" allow=\"autoplay\"><\/iframe>\t\t<\/div>\n\t\t\t\t<\/div>\n\t\t\t\t<div class=\"elementor-element elementor-element-0c8b6b8 elementor-widget elementor-widget-html\" data-id=\"0c8b6b8\" data-element_type=\"widget\" data-widget_type=\"html.default\">\n\t\t\t\t<div class=\"elementor-widget-container\">\n\t\t\t<iframe src=\"https:\/\/drive.google.com\/file\/d\/1-qpbXS2wJXd6c5NzQP00ZPtufr5RcLz5\/preview\" width=\"640\" height=\"480\" allow=\"autoplay\"><\/iframe>\t\t<\/div>\n\t\t\t\t<\/div>\n\t\t\t\t<div class=\"elementor-element elementor-element-cdfdc64 elementor-widget elementor-widget-html\" data-id=\"cdfdc64\" data-element_type=\"widget\" data-widget_type=\"html.default\">\n\t\t\t\t<div class=\"elementor-widget-container\">\n\t\t\t<iframe src=\"https:\/\/drive.google.com\/file\/d\/1rsFZ5qy7MaepUHZIQauNtFd_uAI_GfZ7\/preview\" width=\"640\" height=\"480\" allow=\"autoplay\"><\/iframe>\t\t<\/div>\n\t\t\t\t<\/div>\n\t\t\t\t<div class=\"elementor-element elementor-element-39ab153 elementor-widget elementor-widget-html\" data-id=\"39ab153\" data-element_type=\"widget\" data-widget_type=\"html.default\">\n\t\t\t\t<div class=\"elementor-widget-container\">\n\t\t\t<iframe src=\"https:\/\/drive.google.com\/file\/d\/1WI0GBah_qQUaUGi3SGY1cK6NG_A5rbyc\/preview\" width=\"640\" height=\"480\" allow=\"autoplay\"><\/iframe>\t\t<\/div>\n\t\t\t\t<\/div>\n\t\t\t\t<div class=\"elementor-element elementor-element-db3bc06 elementor-widget elementor-widget-html\" data-id=\"db3bc06\" data-element_type=\"widget\" data-widget_type=\"html.default\">\n\t\t\t\t<div class=\"elementor-widget-container\">\n\t\t\t<iframe src=\"https:\/\/drive.google.com\/file\/d\/1dt4wm1mOIABSXTJLGqUBzJfhHMkocCm6\/preview\" width=\"640\" height=\"480\" allow=\"autoplay\"><\/iframe>\t\t<\/div>\n\t\t\t\t<\/div>\n\t\t\t\t<div class=\"elementor-element elementor-element-9dfcc35 elementor-widget elementor-widget-html\" data-id=\"9dfcc35\" data-element_type=\"widget\" data-widget_type=\"html.default\">\n\t\t\t\t<div class=\"elementor-widget-container\">\n\t\t\t<iframe src=\"https:\/\/drive.google.com\/file\/d\/1BH1hV99uAipizvxTt34Fx3ZvaGkRtP4h\/preview\" width=\"640\" height=\"480\" allow=\"autoplay\"><\/iframe>\t\t<\/div>\n\t\t\t\t<\/div>\n\t\t\t\t<div class=\"elementor-element elementor-element-921e779 elementor-widget elementor-widget-html\" data-id=\"921e779\" data-element_type=\"widget\" data-widget_type=\"html.default\">\n\t\t\t\t<div class=\"elementor-widget-container\">\n\t\t\t<iframe src=\"https:\/\/drive.google.com\/file\/d\/1-7xaF_uv_p2bz7XAjYg96Fo67wA2NjB4\/preview\" width=\"640\" height=\"480\" allow=\"autoplay\"><\/iframe>\t\t<\/div>\n\t\t\t\t<\/div>\n\t\t\t\t<div class=\"elementor-element elementor-element-6b4b5be elementor-widget elementor-widget-html\" data-id=\"6b4b5be\" data-element_type=\"widget\" data-widget_type=\"html.default\">\n\t\t\t\t<div class=\"elementor-widget-container\">\n\t\t\t<iframe src=\"https:\/\/drive.google.com\/file\/d\/1AYRKI0FymlpYYVWiLGYXxTkmk63bTP-G\/preview\" width=\"640\" height=\"480\" allow=\"autoplay\"><\/iframe>\t\t<\/div>\n\t\t\t\t<\/div>\n\t\t\t\t<div class=\"elementor-element elementor-element-f0fbc0e elementor-widget elementor-widget-html\" data-id=\"f0fbc0e\" data-element_type=\"widget\" data-widget_type=\"html.default\">\n\t\t\t\t<div class=\"elementor-widget-container\">\n\t\t\t<iframe src=\"https:\/\/drive.google.com\/file\/d\/1UoCDxT7i7jMt-KjD530niSYGC_-M8lap\/preview\" width=\"640\" height=\"480\" allow=\"autoplay\"><\/iframe>\t\t<\/div>\n\t\t\t\t<\/div>\n\t\t\t\t\t\t<\/div>\n\t\t\t\t\t<\/div>\n\t\t<\/div>\n\t\t\t\t<div class=\"elementor-column elementor-col-50 elementor-inner-column elementor-element elementor-element-46188e05\" data-id=\"46188e05\" data-element_type=\"column\" id=\"cumle\" data-settings=\"{&quot;background_background&quot;:&quot;classic&quot;}\">\n\t\t\t<div class=\"elementor-column-wrap elementor-element-populated\">\n\t\t\t\t\t<div class=\"elementor-background-overlay\"><\/div>\n\t\t\t\t\t\t\t<div class=\"elementor-widget-wrap\">\n\t\t\t\t\t\t<div class=\"elementor-element elementor-element-3ccbf9f5 elementor-widget elementor-widget-heading\" data-id=\"3ccbf9f5\" data-element_type=\"widget\" data-widget_type=\"heading.default\">\n\t\t\t\t<div class=\"elementor-widget-container\">\n\t\t\t<h2 class=\"elementor-heading-title elementor-size-default\">Cumplea\u00f1os<\/h2>\t\t<\/div>\n\t\t\t\t<\/div>\n\t\t\t\t<div class=\"elementor-element elementor-element-696b8a40 elementor-widget elementor-widget-text-editor\" data-id=\"696b8a40\" data-element_type=\"widget\" data-widget_type=\"text-editor.default\">\n\t\t\t\t<div class=\"elementor-widget-container\">\n\t\t\t\t\t<div class=\"elementor-text-editor elementor-clearfix\"><p>Cada vuelta al sol, vale la pena festejar, de que hace x a\u00f1os vinimos al mundo. Porque somos seres \u00fanicos y hermosos. Cada peque\u00f1o paso en la vida.<\/p><\/div>\n\t\t\t\t<\/div>\n\t\t\t\t<\/div>\n\t\t\t\t<div class=\"elementor-element elementor-element-1c541d7 elementor-widget elementor-widget-html\" data-id=\"1c541d7\" data-element_type=\"widget\" data-widget_type=\"html.default\">\n\t\t\t\t<div class=\"elementor-widget-container\">\n\t\t\t<iframe src=\"https:\/\/drive.google.com\/file\/d\/1HLYTApR8EzXYkF-Gn8Y8PY0AcZO_N1SV\/preview\" width=\"640\" height=\"480\" allow=\"autoplay\"><\/iframe>\t\t<\/div>\n\t\t\t\t<\/div>\n\t\t\t\t<div class=\"elementor-element elementor-element-c770bf2 elementor-widget elementor-widget-html\" data-id=\"c770bf2\" data-element_type=\"widget\" data-widget_type=\"html.default\">\n\t\t\t\t<div class=\"elementor-widget-container\">\n\t\t\t<iframe src=\"https:\/\/drive.google.com\/file\/d\/1ZR75p9XekFFGicsPxvfHIyDGDmuNrGc2\/preview\" width=\"640\" height=\"480\" allow=\"autoplay\"><\/iframe>\t\t<\/div>\n\t\t\t\t<\/div>\n\t\t\t\t<div class=\"elementor-element elementor-element-2ac752b elementor-widget elementor-widget-html\" data-id=\"2ac752b\" data-element_type=\"widget\" data-widget_type=\"html.default\">\n\t\t\t\t<div class=\"elementor-widget-container\">\n\t\t\t<iframe src=\"https:\/\/drive.google.com\/file\/d\/1CIYUT-pEvWyc8uYCCxlcTZt_o6Pzes82\/preview\" width=\"640\" height=\"480\" allow=\"autoplay\"><\/iframe>\t\t<\/div>\n\t\t\t\t<\/div>\n\t\t\t\t<div class=\"elementor-element elementor-element-39ce472 elementor-widget elementor-widget-html\" data-id=\"39ce472\" data-element_type=\"widget\" data-widget_type=\"html.default\">\n\t\t\t\t<div class=\"elementor-widget-container\">\n\t\t\t<iframe src=\"https:\/\/drive.google.com\/file\/d\/17iihzxakqaOnjbDzBoDhGTIuYnG5gAAx\/preview\" width=\"640\" height=\"480\" allow=\"autoplay\"><\/iframe>\t\t<\/div>\n\t\t\t\t<\/div>\n\t\t\t\t<div class=\"elementor-element elementor-element-0e1b060 elementor-widget elementor-widget-html\" data-id=\"0e1b060\" data-element_type=\"widget\" data-widget_type=\"html.default\">\n\t\t\t\t<div class=\"elementor-widget-container\">\n\t\t\t<iframe src=\"https:\/\/drive.google.com\/file\/d\/1tLMpUUUpaXuG1kpuwyNyxfaOuIqTZfg6\/preview\" width=\"640\" height=\"480\" allow=\"autoplay\"><\/iframe>\t\t<\/div>\n\t\t\t\t<\/div>\n\t\t\t\t<div class=\"elementor-element elementor-element-7e34a81 elementor-widget elementor-widget-html\" data-id=\"7e34a81\" data-element_type=\"widget\" data-widget_type=\"html.default\">\n\t\t\t\t<div class=\"elementor-widget-container\">\n\t\t\t<iframe src=\"https:\/\/drive.google.com\/file\/d\/12YuyJZgyIp6v7cykJrUqMHiFNVzxlkAg\/preview\" width=\"640\" height=\"480\" allow=\"autoplay\"><\/iframe>\t\t<\/div>\n\t\t\t\t<\/div>\n\t\t\t\t\t\t<\/div>\n\t\t\t\t\t<\/div>\n\t\t<\/div>\n\t\t\t\t\t\t\t\t<\/div>\n\t\t\t\t\t<\/div>\n\t\t<\/section>\n\t\t\t\t<section class=\"elementor-section elementor-inner-section elementor-element elementor-element-36887e9a elementor-section-boxed elementor-section-height-default elementor-section-height-default\" data-id=\"36887e9a\" data-element_type=\"section\">\n\t\t\t\t\t\t<div class=\"elementor-container elementor-column-gap-default\">\n\t\t\t\t\t\t\t<div class=\"elementor-row\">\n\t\t\t\t\t<div class=\"elementor-column elementor-col-100 elementor-inner-column elementor-element elementor-element-7caf3764\" data-id=\"7caf3764\" data-element_type=\"column\" id=\"empresa\" data-settings=\"{&quot;background_background&quot;:&quot;classic&quot;}\">\n\t\t\t<div class=\"elementor-column-wrap elementor-element-populated\">\n\t\t\t\t\t<div class=\"elementor-background-overlay\"><\/div>\n\t\t\t\t\t\t\t<div class=\"elementor-widget-wrap\">\n\t\t\t\t\t\t<div class=\"elementor-element elementor-element-526f3661 elementor-widget elementor-widget-heading\" data-id=\"526f3661\" data-element_type=\"widget\" data-widget_type=\"heading.default\">\n\t\t\t\t<div class=\"elementor-widget-container\">\n\t\t\t<h2 class=\"elementor-heading-title elementor-size-default\">Empresariales<\/h2>\t\t<\/div>\n\t\t\t\t<\/div>\n\t\t\t\t<div class=\"elementor-element elementor-element-3e4f3bba elementor-widget elementor-widget-text-editor\" data-id=\"3e4f3bba\" data-element_type=\"widget\" data-widget_type=\"text-editor.default\">\n\t\t\t\t<div class=\"elementor-widget-container\">\n\t\t\t\t\t<div class=\"elementor-text-editor elementor-clearfix\"><p>Cada activaci\u00f3n es diferente, y tiene que tener una impronta distinta, innovaci\u00f3n, desarrollos&#8230;\u00a0<\/p><\/div>\n\t\t\t\t<\/div>\n\t\t\t\t<\/div>\n\t\t\t\t<div class=\"elementor-element elementor-element-24e9890 elementor-widget elementor-widget-html\" data-id=\"24e9890\" data-element_type=\"widget\" data-widget_type=\"html.default\">\n\t\t\t\t<div class=\"elementor-widget-container\">\n\t\t\t<iframe src=\"https:\/\/drive.google.com\/file\/d\/1XDM-5eOgPB8ahvhkSJqIW_XxeETxnooA\/preview\" width=\"640\" height=\"480\" allow=\"autoplay\"><\/iframe>\t\t<\/div>\n\t\t\t\t<\/div>\n\t\t\t\t<div class=\"elementor-element elementor-element-9a7bd9f elementor-widget elementor-widget-html\" data-id=\"9a7bd9f\" data-element_type=\"widget\" data-widget_type=\"html.default\">\n\t\t\t\t<div class=\"elementor-widget-container\">\n\t\t\t<iframe src=\"https:\/\/drive.google.com\/file\/d\/1Az0ZPbxM4VLHJ1WrkZewGKUEgiNBfOy8\/preview\" width=\"640\" height=\"480\" allow=\"autoplay\"><\/iframe>\t\t<\/div>\n\t\t\t\t<\/div>\n\t\t\t\t<div class=\"elementor-element elementor-element-9136e19 elementor-widget elementor-widget-html\" data-id=\"9136e19\" data-element_type=\"widget\" data-widget_type=\"html.default\">\n\t\t\t\t<div class=\"elementor-widget-container\">\n\t\t\t<iframe src=\"https:\/\/drive.google.com\/file\/d\/1FKPnesQcuF8ESDgyxYoOexR1gJq-n6hz\/preview\" width=\"640\" height=\"480\" allow=\"autoplay\"><\/iframe>\t\t<\/div>\n\t\t\t\t<\/div>\n\t\t\t\t<div class=\"elementor-element elementor-element-9ee3d3c elementor-widget elementor-widget-html\" data-id=\"9ee3d3c\" data-element_type=\"widget\" data-widget_type=\"html.default\">\n\t\t\t\t<div class=\"elementor-widget-container\">\n\t\t\t<iframe src=\"https:\/\/drive.google.com\/file\/d\/1Ug6kC--unhaM26vTtLPks9dNumOe0Igz\/preview\" width=\"640\" height=\"480\" allow=\"autoplay\"><\/iframe>\t\t<\/div>\n\t\t\t\t<\/div>\n\t\t\t\t<div class=\"elementor-element elementor-element-1d0dadb elementor-widget elementor-widget-html\" data-id=\"1d0dadb\" data-element_type=\"widget\" data-widget_type=\"html.default\">\n\t\t\t\t<div class=\"elementor-widget-container\">\n\t\t\t<iframe src=\"https:\/\/drive.google.com\/file\/d\/1N4B8l0LNTci_rgat2k3WqejBAoAXTFIK\/preview\" width=\"640\" height=\"480\" allow=\"autoplay\"><\/iframe>\t\t<\/div>\n\t\t\t\t<\/div>\n\t\t\t\t<div class=\"elementor-element elementor-element-f1915ce elementor-widget elementor-widget-html\" data-id=\"f1915ce\" data-element_type=\"widget\" data-widget_type=\"html.default\">\n\t\t\t\t<div class=\"elementor-widget-container\">\n\t\t\t<iframe src=\"https:\/\/drive.google.com\/file\/d\/14HkgUWpHbFJxy4zQqylok-yw3mcMPZp4\/preview\" width=\"640\" height=\"480\" allow=\"autoplay\"><\/iframe>\t\t<\/div>\n\t\t\t\t<\/div>\n\t\t\t\t<div class=\"elementor-element elementor-element-660896d elementor-widget elementor-widget-html\" data-id=\"660896d\" data-element_type=\"widget\" data-widget_type=\"html.default\">\n\t\t\t\t<div class=\"elementor-widget-container\">\n\t\t\t<iframe src=\"https:\/\/drive.google.com\/file\/d\/18sHY24iz6Z1a2uhq28SSo9FoDj3oGcYs\/preview\" width=\"640\" height=\"480\" allow=\"autoplay\"><\/iframe>\t\t<\/div>\n\t\t\t\t<\/div>\n\t\t\t\t<div class=\"elementor-element elementor-element-e59c675 elementor-widget elementor-widget-html\" data-id=\"e59c675\" data-element_type=\"widget\" data-widget_type=\"html.default\">\n\t\t\t\t<div class=\"elementor-widget-container\">\n\t\t\t<iframe src=\"https:\/\/drive.google.com\/file\/d\/18cVZG1DJhBLrnk2wTcQhjAPSC4ZhUN4x\/preview\" width=\"640\" height=\"480\" allow=\"autoplay\"><\/iframe>\t\t<\/div>\n\t\t\t\t<\/div>\n\t\t\t\t<div class=\"elementor-element elementor-element-3dbba40 elementor-widget elementor-widget-html\" data-id=\"3dbba40\" data-element_type=\"widget\" data-widget_type=\"html.default\">\n\t\t\t\t<div class=\"elementor-widget-container\">\n\t\t\t<iframe src=\"https:\/\/drive.google.com\/file\/d\/11Rd-YzNldG5MgT8MxtKP1MA1dHw6yY5l\/preview\" width=\"640\" height=\"480\" allow=\"autoplay\"><\/iframe>\t\t<\/div>\n\t\t\t\t<\/div>\n\t\t\t\t<div class=\"elementor-element elementor-element-19a00e4 elementor-widget elementor-widget-html\" data-id=\"19a00e4\" data-element_type=\"widget\" data-widget_type=\"html.default\">\n\t\t\t\t<div class=\"elementor-widget-container\">\n\t\t\t<iframe src=\"https:\/\/drive.google.com\/file\/d\/1-7E4rJsuD0gUtwWWUDgS5fkus_-4_gfu\/preview\" width=\"640\" height=\"480\" allow=\"autoplay\"><\/iframe>\t\t<\/div>\n\t\t\t\t<\/div>\n\t\t\t\t<div class=\"elementor-element elementor-element-05ae863 elementor-widget elementor-widget-html\" data-id=\"05ae863\" data-element_type=\"widget\" data-widget_type=\"html.default\">\n\t\t\t\t<div class=\"elementor-widget-container\">\n\t\t\t<iframe src=\"https:\/\/drive.google.com\/file\/d\/12l6cFBs-60I-zn59Vvq3H_INKDibpmkJ\/preview\" width=\"640\" height=\"480\" allow=\"autoplay\"><\/iframe>\t\t<\/div>\n\t\t\t\t<\/div>\n\t\t\t\t\t\t<\/div>\n\t\t\t\t\t<\/div>\n\t\t<\/div>\n\t\t\t\t\t\t\t\t<\/div>\n\t\t\t\t\t<\/div>\n\t\t<\/section>\n\t\t\t\t<section class=\"elementor-section elementor-inner-section elementor-element elementor-element-cdd7a28 elementor-section-boxed elementor-section-height-default elementor-section-height-default\" data-id=\"cdd7a28\" data-element_type=\"section\">\n\t\t\t\t\t\t<div class=\"elementor-container elementor-column-gap-default\">\n\t\t\t\t\t\t\t<div class=\"elementor-row\">\n\t\t\t\t\t<div class=\"elementor-column elementor-col-100 elementor-inner-column elementor-element elementor-element-a971bbf\" data-id=\"a971bbf\" data-element_type=\"column\" data-settings=\"{&quot;background_background&quot;:&quot;classic&quot;}\">\n\t\t\t<div class=\"elementor-column-wrap elementor-element-populated\">\n\t\t\t\t\t<div class=\"elementor-background-overlay\"><\/div>\n\t\t\t\t\t\t\t<div class=\"elementor-widget-wrap\">\n\t\t\t\t\t\t<div class=\"elementor-element elementor-element-adbab59 elementor-widget elementor-widget-heading\" data-id=\"adbab59\" data-element_type=\"widget\" data-widget_type=\"heading.default\">\n\t\t\t\t<div class=\"elementor-widget-container\">\n\t\t\t<h2 class=\"elementor-heading-title elementor-size-default\">Bar Mitzvah<\/h2>\t\t<\/div>\n\t\t\t\t<\/div>\n\t\t\t\t<div class=\"elementor-element elementor-element-551dfaa elementor-widget elementor-widget-text-editor\" data-id=\"551dfaa\" data-element_type=\"widget\" data-widget_type=\"text-editor.default\">\n\t\t\t\t<div class=\"elementor-widget-container\">\n\t\t\t\t\t<div class=\"elementor-text-editor elementor-clearfix\"><p>La madurez, el crecimiento espiritual, escoger un camino es motivo para reunirse.\u00a0<\/p><\/div>\n\t\t\t\t<\/div>\n\t\t\t\t<\/div>\n\t\t\t\t<div class=\"elementor-element elementor-element-0997b9e elementor-widget elementor-widget-html\" data-id=\"0997b9e\" data-element_type=\"widget\" data-widget_type=\"html.default\">\n\t\t\t\t<div class=\"elementor-widget-container\">\n\t\t\t<iframe src=\"https:\/\/drive.google.com\/file\/d\/1ObmXgEqbGFxJF7Gs2wtQ3plgXgEiFuJT\/preview\" width=\"640\" height=\"480\" allow=\"autoplay\"><\/iframe>\t\t<\/div>\n\t\t\t\t<\/div>\n\t\t\t\t\t\t<\/div>\n\t\t\t\t\t<\/div>\n\t\t<\/div>\n\t\t\t\t\t\t\t\t<\/div>\n\t\t\t\t\t<\/div>\n\t\t<\/section>\n\t\t\t\t\t\t<\/div>\n\t\t\t\t\t<\/div>\n\t\t<\/div>\n\t\t\t\t\t\t\t\t<\/div>\n\t\t\t\t\t<\/div>\n\t\t<\/section>\n\t\t\t\t\t\t<\/div>\n\t\t\t\t\t\t<\/div>\n\t\t\t\t\t<\/div>\n\t\t","protected":false},"excerpt":{"rendered":"<p>Selecci\u00f3n de Videos Tenemos miles de videos hermosos, porque cada evento es especial. Aqu\u00ed seleccionamos algunos de los mejores recuerdos.\u00a0 Bodas Cumplea\u00f1os Empresariales Bodas El sello es el amor&#8230; nada mas importa para darle un giro 360 a nuestra vida. Nada importa si es con vos. Cumplea\u00f1os Cada vuelta al sol, vale la pena festejar, &hellip;<\/p>\n<p class=\"read-more\"> <a class=\"\" href=\"https:\/\/yumbainteractive.com\/index.php\/seleccion-de-videos\/\"> <span class=\"screen-reader-text\">Selecci\u00f3n de Videos<\/span> Leer m\u00e1s &raquo;<\/a><\/p>\n","protected":false},"author":1,"featured_media":0,"parent":0,"menu_order":0,"comment_status":"closed","ping_status":"closed","template":"","meta":[],"_links":{"self":[{"href":"https:\/\/yumbainteractive.com\/index.php\/wp-json\/wp\/v2\/pages\/2107"}],"collection":[{"href":"https:\/\/yumbainteractive.com\/index.php\/wp-json\/wp\/v2\/pages"}],"about":[{"href":"https:\/\/yumbainteractive.com\/index.php\/wp-json\/wp\/v2\/types\/page"}],"author":[{"embeddable":true,"href":"https:\/\/yumbainteractive.com\/index.php\/wp-json\/wp\/v2\/users\/1"}],"replies":[{"embeddable":true,"href":"https:\/\/yumbainteractive.com\/index.php\/wp-json\/wp\/v2\/comments?post=2107"}],"version-history":[{"count":154,"href":"https:\/\/yumbainteractive.com\/index.php\/wp-json\/wp\/v2\/pages\/2107\/revisions"}],"predecessor-version":[{"id":3550,"href":"https:\/\/yumbainteractive.com\/index.php\/wp-json\/wp\/v2\/pages\/2107\/revisions\/3550"}],"wp:attachment":[{"href":"https:\/\/yumbainteractive.com\/index.php\/wp-json\/wp\/v2\/media?parent=2107"}],"curies":[{"name":"wp","href":"https:\/\/api.w.org\/{rel}","templated":true}]}}